{"id":1814,"date":"2019-06-03T10:40:25","date_gmt":"2019-06-03T09:40:25","guid":{"rendered":"https:\/\/congopeat.net\/cartes\/"},"modified":"2023-09-11T09:54:19","modified_gmt":"2023-09-11T08:54:19","slug":"cartes","status":"publish","type":"page","link":"https:\/\/congopeat.net\/fr\/cartes\/","title":{"rendered":"Cartes"},"content":{"rendered":"\t\t<div data-elementor-type=\"wp-post\" data-elementor-id=\"1814\" class=\"elementor elementor-1814 elementor-1405\">\n\t\t\t\t\t\t<section class=\"elementor-section elementor-top-section elementor-element elementor-element-107c870 elementor-section-full_width elementor-section-content-middle elementor-section-stretched elementor-section-height-default elementor-section-height-default\" data-id=\"107c870\" data-element_type=\"section\" data-e-type=\"section\" data-settings=\"{&quot;background_background&quot;:&quot;classic&quot;,&quot;stretch_section&quot;:&quot;section-stretched&quot;}\">\n\t\t\t\t\t\t\t<div class=\"elementor-background-overlay\"><\/div>\n\t\t\t\t\t\t\t<div class=\"elementor-container elementor-column-gap-default\">\n\t\t\t\t\t<div class=\"elementor-column elementor-col-100 elementor-top-column elementor-element elementor-element-608102c\" data-id=\"608102c\" data-element_type=\"column\" data-e-type=\"column\">\n\t\t\t<div class=\"elementor-widget-wrap elementor-element-populated\">\n\t\t\t\t\t\t<div class=\"elementor-element elementor-element-fe761f1 elementor-widget elementor-widget-heading\" data-id=\"fe761f1\" data-element_type=\"widget\" data-e-type=\"widget\" data-widget_type=\"heading.default\">\n\t\t\t\t\t<h2 class=\"elementor-heading-title elementor-size-default\">Cartes<\/h2>\t\t\t\t<\/div>\n\t\t\t\t\t<\/div>\n\t\t<\/div>\n\t\t\t\t\t<\/div>\n\t\t<\/section>\n\t\t\t\t<section class=\"elementor-section elementor-top-section elementor-element elementor-element-70f1240 elementor-section-full_width elementor-section-height-default elementor-section-height-default\" data-id=\"70f1240\" data-element_type=\"section\" data-e-type=\"section\">\n\t\t\t\t\t\t<div class=\"elementor-container elementor-column-gap-default\">\n\t\t\t\t\t<div class=\"elementor-column elementor-col-100 elementor-top-column elementor-element elementor-element-05bbb94\" data-id=\"05bbb94\" data-element_type=\"column\" data-e-type=\"column\">\n\t\t\t<div class=\"elementor-widget-wrap elementor-element-populated\">\n\t\t\t\t\t\t<div class=\"elementor-element elementor-element-f539fb0 elementor-widget elementor-widget-text-editor\" data-id=\"f539fb0\" data-element_type=\"widget\" data-e-type=\"widget\" data-widget_type=\"text-editor.default\">\n\t\t\t\t\t\t\t\t\t<p>Scientific Research on Tropical Peatland in the DRC Credit: Kevin McElvaney\/Greenpeace<\/p>\n\t\t\t\t\t\t\t\t<\/div>\n\t\t\t\t\t<\/div>\n\t\t<\/div>\n\t\t\t\t\t<\/div>\n\t\t<\/section>\n\t\t\t\t<section class=\"elementor-section elementor-top-section elementor-element elementor-element-54919b3 elementor-section-boxed elementor-section-height-default elementor-section-height-default\" data-id=\"54919b3\" data-element_type=\"section\" data-e-type=\"section\">\n\t\t\t\t\t\t<div class=\"elementor-container elementor-column-gap-default\">\n\t\t\t\t\t<div class=\"elementor-column elementor-col-100 elementor-top-column elementor-element elementor-element-7448643\" data-id=\"7448643\" data-element_type=\"column\" data-e-type=\"column\">\n\t\t\t<div class=\"elementor-widget-wrap elementor-element-populated\">\n\t\t\t\t\t\t<div class=\"elementor-element elementor-element-94a9fd6 elementor-widget elementor-widget-heading\" data-id=\"94a9fd6\" data-element_type=\"widget\" data-e-type=\"widget\" data-widget_type=\"heading.default\">\n\t\t\t\t\t<h2 class=\"elementor-heading-title elementor-size-default\">Cartes interactives<\/h2>\t\t\t\t<\/div>\n\t\t\t\t<div class=\"elementor-element elementor-element-378f85a elementor-widget elementor-widget-text-editor\" data-id=\"378f85a\" data-element_type=\"widget\" data-e-type=\"widget\" data-widget_type=\"text-editor.default\">\n\t\t\t\t\t\t\t\t\t<p>Pour visualiser les r\u00e9sultats de la carte CongoPeat via le portail interactif UN Biodiversity Lab, avec plus de 150 autres ensembles de donn\u00e9es :<\/p><ul><li>visitez\u00a0<a href=\"https:\/\/map.unbiodiversitylab.org\/\">https:\/\/map.unbiodiversitylab.org\/<\/a><\/li><li>saisissez \u00ab CongoPeat \u00bb dans le champ de recherche \u00ab Layers \u00bb pour trouver la carte\u00a0<\/li><li>pour obtenir de l&rsquo;aide, voir\u00a0<a style=\"background-color: #ffffff\" href=\"https:\/\/unbiodiversitylab.org\/fr\/support\/\">https:\/\/unbiodiversitylab.org\/fr\/support\/<\/a><\/li><\/ul>\t\t\t\t\t\t\t\t<\/div>\n\t\t\t\t\t<\/div>\n\t\t<\/div>\n\t\t\t\t\t<\/div>\n\t\t<\/section>\n\t\t\t\t<section class=\"elementor-section elementor-top-section elementor-element elementor-element-ec6ae55 elementor-section-boxed elementor-section-height-default elementor-section-height-default\" data-id=\"ec6ae55\" data-element_type=\"section\" data-e-type=\"section\">\n\t\t\t\t\t\t<div class=\"elementor-container elementor-column-gap-default\">\n\t\t\t\t\t<div class=\"elementor-column elementor-col-100 elementor-top-column elementor-element elementor-element-384e9e2\" data-id=\"384e9e2\" data-element_type=\"column\" data-e-type=\"column\">\n\t\t\t<div class=\"elementor-widget-wrap elementor-element-populated\">\n\t\t\t\t\t\t<div class=\"elementor-element elementor-element-0b8783b elementor-widget elementor-widget-spacer\" data-id=\"0b8783b\" data-element_type=\"widget\" data-e-type=\"widget\" data-widget_type=\"spacer.default\">\n\t\t\t\t\t\t\t<div class=\"elementor-spacer\">\n\t\t\t<div class=\"elementor-spacer-inner\"><\/div>\n\t\t<\/div>\n\t\t\t\t\t\t<\/div>\n\t\t\t\t<div class=\"elementor-element elementor-element-3ac9e61 elementor-widget elementor-widget-heading\" data-id=\"3ac9e61\" data-element_type=\"widget\" data-e-type=\"widget\" data-widget_type=\"heading.default\">\n\t\t\t\t\t<h2 class=\"elementor-heading-title elementor-size-default\">Jeux de donn\u00e9es spatiales<\/h2>\t\t\t\t<\/div>\n\t\t\t\t<div class=\"elementor-element elementor-element-34e73ee elementor-widget elementor-widget-text-editor\" data-id=\"34e73ee\" data-element_type=\"widget\" data-e-type=\"widget\" data-widget_type=\"text-editor.default\">\n\t\t\t\t\t\t\t\t\t<p>Pour t\u00e9l\u00e9charger les jeux de donn\u00e9es spatiales \u00e0 utiliser dans un SIG, veuillez consulter les liens ci-dessous. Veuillez <b>citer<\/b> les articles pertinents si vous utilisez les donn\u00e9es cartographiques.<\/p><ul>\n<\/ul>\t\t\t\t\t\t\t\t<\/div>\n\t\t\t\t<div class=\"elementor-element elementor-element-a6fed39 elementor-widget elementor-widget-text-editor\" data-id=\"a6fed39\" data-element_type=\"widget\" data-e-type=\"widget\" data-widget_type=\"text-editor.default\">\n\t\t\t\t\t\t\t\t\t<p>Crezee, B., Dargie, G.C., Ewango, C.E.N., Mitchard, E.T.A., Emba B., O., Kanyama T., J., Bola, P., Ndjango, J.B.N., Girkin, N.T., Bocko, Y.E., Ifo, S.A., Hubau, W., Seidensticker, D., Batumike, R., Imani, G., Cuni-Sanchez, A., Kiahtipes, C.A., Lebamba, J., Wotzka, H.P., Bean, H., Baker, T.R., Baird, A.J., Boom, A., Morris, P.J., Page, S.E., Lawson, I.T., Lewis, S.L. 2022. <a href=\"https:\/\/www.nature.com\/articles\/s41561-022-00966-7\">Mapping peat thickness and carbon stocks of the central Congo Basin using field data.<\/a><em> Nature Geoscience<\/em>.<\/p><ul><li><strong><a href=\"https:\/\/drive.google.com\/file\/d\/1YjT82D1beUWNooVP4HCotplwr5CDj1FX\/view?usp=sharing\">Landcover Probability Layers (5x)<\/a><\/strong> \u2013 50m resolution \u2013 Geotif \u2013 261 MB (Zipped) <br \/><a href=\"https:\/\/congopeat.net\/wp-content\/uploads\/sites\/49\/2022\/06\/Metadata_Crezee_2022_Central_Congo_Landcover_Probability_Layers.txt\">Metadata Landcover probability layers<\/a> \u00a0<\/li><li><strong><a href=\"https:\/\/drive.google.com\/file\/d\/1NUZ54azAhy7fbyKomIYG4nEh49EZkOiP\/view?usp=sharing\">Unsmoothed Landcover Classification: Most Likely class<\/a><\/strong> \u2013 50m \u2013 Geotif \u2013 860 MB<br \/><a href=\"https:\/\/congopeat.net\/wp-content\/uploads\/sites\/49\/2022\/06\/Metadata_Crezee_2022_Unsmoothed_Landcover_Classification_Most_likely_class.txt\">Metadata Unsmoothed landcover classification<\/a>\u00a0<\/li><li><strong><a href=\"https:\/\/drive.google.com\/file\/d\/1Fs86dogE7jLHSyIKntqJDPeI2Co76rjj\/view?usp=sharing\">Smoothed (7&#215;7) Landcover Classification: Most likely class<\/a><\/strong> \u2013 50m \u2013 Geotif \u2013 860 MB<br \/><a href=\"https:\/\/congopeat.net\/wp-content\/uploads\/sites\/49\/2022\/06\/Metadata_Crezee_2022_Smoothed_7x7_Landcover_Classification_Most_likely_class.txt\">Metadata Smoothed landcover classification <\/a><\/li><li><strong><a href=\"https:\/\/drive.google.com\/file\/d\/13EMoGK_d6ce4gIzyMpE-_ufCTpMOdAV9\/view?usp=sharing\">Median Peat Thickness RF model from 100 runs<\/a><\/strong> \u2013 50m \u2013 Geotif \u2013 3GB<br \/><a href=\"https:\/\/congopeat.net\/wp-content\/uploads\/sites\/49\/2022\/07\/Metadata_Crezee_2022_Median_Peat_thickness_RF_model_100runs_V2.txt\">Metadata Median peat thickness RF model<\/a><\/li><li><strong><a href=\"https:\/\/drive.google.com\/file\/d\/18-5hWgB2lUpNS6B-QgwmRUF9hQUhvB7L\/view?usp=sharing\">Uncertainty Peat Thickness RF model from 100 runs<\/a><\/strong> \u2013 50m \u2013 Geotif \u2013 1GB<br \/><a href=\"https:\/\/congopeat.net\/wp-content\/uploads\/sites\/49\/2022\/07\/Metadata_Crezee_2022_Uncertainty_Peat_thickness_RF_model_100runs_V2.txt\">Metadata Uncertainty peat thickness RF model<\/a><\/li><li><strong><a href=\"https:\/\/drive.google.com\/file\/d\/1eg52ZSOpB1G5vqSQ0DbtuZjYiZ4naw3_\/view?usp=sharing\">Median Carbon Density from 2000 runs<\/a><\/strong> \u2013 50m \u2013 Geotif \u2013 3GB<br \/><a href=\"https:\/\/congopeat.net\/wp-content\/uploads\/sites\/49\/2022\/07\/Metadata_Crezee_2022_Median_Carbon_density_2000runs_V2.txt\">Metadata Median carbon density<\/a><\/li><li><strong><a href=\"https:\/\/drive.google.com\/file\/d\/17wHJYLZdhkRp8ObaBITUkM_syUeIQWdM\/view?usp=sharing\">Uncertainty Carbon Density from 2000 runs<\/a><\/strong> \u2013 50m \u2013 Geotif \u2013 1GB<br \/><a href=\"https:\/\/congopeat.net\/wp-content\/uploads\/sites\/49\/2022\/07\/Metadata_Crezee_2022_Uncertainty_Carbon_density_2000runs_V2.txt\">Metadata Uncertainty carbon density<\/a><\/li><li><a href=\"https:\/\/drive.google.com\/file\/d\/1xNiDL5nDONSHdTzMqHPrH_0CU5lr6GbJ\/\"><strong>Map comparison<\/strong><\/a> \u2013 50m \u2013 Geotif \u2013 1.68 GB<br \/><a href=\"https:\/\/congopeat.net\/wp-content\/uploads\/sites\/49\/2023\/09\/Metadata_Crezee_2022_Map_comparison.txt\">Metadata 2022 Map comparison<\/a><\/li><\/ul>\t\t\t\t\t\t\t\t<\/div>\n\t\t\t\t<div class=\"elementor-element elementor-element-10e165b elementor-widget-divider--view-line elementor-widget elementor-widget-divider\" data-id=\"10e165b\" data-element_type=\"widget\" data-e-type=\"widget\" data-widget_type=\"divider.default\">\n\t\t\t\t\t\t\t<div class=\"elementor-divider\">\n\t\t\t<span class=\"elementor-divider-separator\">\n\t\t\t\t\t\t<\/span>\n\t\t<\/div>\n\t\t\t\t\t\t<\/div>\n\t\t\t\t<div class=\"elementor-element elementor-element-180afac elementor-widget elementor-widget-text-editor\" data-id=\"180afac\" data-element_type=\"widget\" data-e-type=\"widget\" data-widget_type=\"text-editor.default\">\n\t\t\t\t\t\t\t\t\t<h6>Dargie, G.C., Lawson, I.T., Rayden, T.J., Miles, L., Mitchard, E.T.A., Page, S.E., Bocko, Y.E., Ifo, S.A., Lewis, S.L. 2018.\u00a0<a href=\"https:\/\/doi.org\/10.1007\/s11027-017-9774-8\">Congo Basin peatlands: threats and conservation priorities.<\/a>\u00a0<em>Mitigation and Adaptation Strategies for Global Change.\u00a0<\/em><strong>24<\/strong>(4), pp.<span class=\"ArticleCitation_Pages\">669\u2013686.<\/span><\/h6>\n<ul>\n<li><strong><a href=\"https:\/\/congopeat.net\/wp-content\/uploads\/sites\/49\/2019\/03\/Concessions-2.jpg\">Map of peatland distribution within the Cuvette Centrale<\/a><\/strong> (dark grey; Dargie et al. 2017), overlaid with the locations of logging (red outline; Global Forest Watch 2017c, d) and oil palm (red fill; The Rainforest Foundation UK 2013) concessions. JPEG.<\/li>\n<\/ul>\n\t\t\t\t\t\t\t\t<\/div>\n\t\t\t\t<div class=\"elementor-element elementor-element-b3ec25c elementor-widget-divider--view-line elementor-widget elementor-widget-divider\" data-id=\"b3ec25c\" data-element_type=\"widget\" data-e-type=\"widget\" data-widget_type=\"divider.default\">\n\t\t\t\t\t\t\t<div class=\"elementor-divider\">\n\t\t\t<span class=\"elementor-divider-separator\">\n\t\t\t\t\t\t<\/span>\n\t\t<\/div>\n\t\t\t\t\t\t<\/div>\n\t\t\t\t<div class=\"elementor-element elementor-element-0f1f07e elementor-widget elementor-widget-text-editor\" data-id=\"0f1f07e\" data-element_type=\"widget\" data-e-type=\"widget\" data-widget_type=\"text-editor.default\">\n\t\t\t\t\t\t\t\t\t<p>Dargie, G.C., Lewis, S.L., Lawson, I.T., Mitchard, E.T.A., Bocko, Y.E., Ifo, S.A. 2017.\u00a0<a href=\"http:\/\/eprints.whiterose.ac.uk\/111018\/\">Age, extent and carbon storage of the central Congo Basin peatland complex.<\/a>\u00a0<em>Nature.\u00a0<\/em><strong>542<\/strong>(7639), pp.86-90. \u00a0\u00a0<\/p>\n<ul>\n<li><strong><a href=\"https:\/\/drive.google.com\/file\/d\/0BwTuGw_GyXz6U3NFc1NGcmVEZ1U\/view\">Combined classification and probability map<\/a><\/strong> &#8211; 50m resolution &#8211; Geotif &#8211; 124 MB<br \/><a href=\"http:\/\/www.afritron.org\/upload\/en\/Peat\/EM1\/Metadata_Dargie_Congo_Peat_LikeliestClassAndProbability.txt\">Metadata<\/a><\/li>\n<li><a href=\"http:\/\/www.afritron.org\/upload\/en\/Peat\/EM2\/SimplifiedDargiePeatMaps_Png.zip\" target=\"_blank\" rel=\"noopener\"><strong>Simplified Peat Area image maps (not GIS files)\u00a0<\/strong><\/a><a href=\"http:\/\/www.afritron.org\/upload\/en\/Peat\/EM2\/SimplifiedDargiePeatMaps_Png.zip\" target=\"_blank\" rel=\"noopener\"><strong>&#8211; Two vegetation types with peat combined<\/strong><\/a>\u00a0&#8211; With country boundaries &#8211; Various zoom levels &#8211; PNG &#8211; 3 MB<br \/><a href=\"http:\/\/www.afritron.org\/upload\/en\/Peat\/EM2\/Metadata_SimplifiedDargiePeatMaps.txt\" target=\"_blank\" rel=\"noopener\">Metadata<\/a><\/li>\n<li><a href=\"http:\/\/www.afritron.org\/upload\/en\/Peat\/EM3\/SimplifiedPeatMap_50m.zip\" target=\"_blank\" rel=\"noopener\"><strong>Simplified Peat Area Maps (GIS files) &#8211; two vegetation types with peat combined\u00a0<\/strong><\/a>&#8211; 50 m &#8211; Geotif &#8211; 8 MB<br \/><a href=\"http:\/\/www.afritron.org\/upload\/en\/Peat\/EM3\/Metadata_SimplifiedPeatMap_50m.txt\" target=\"_blank\" rel=\"noopener\">Metadata<\/a><\/li>\n<li><a href=\"http:\/\/www.afritron.org\/upload\/en\/Peat\/EM4\/SimplifiedPeatMap100m.zip\" target=\"_blank\" rel=\"noopener\"><strong>Simplified Peat Area Maps (GIS files) &#8211; vegetation types with peat combined<\/strong><\/a>\u00a0&#8211; 100 m &#8211; Geotif &#8211; 3 MB<br \/><a href=\"http:\/\/www.afritron.org\/upload\/en\/Peat\/EM4\/Metadata_SimplifiedPeatMap_100m.txt\" target=\"_blank\" rel=\"noopener\">Metadata<\/a><\/li>\n<li><a href=\"https:\/\/drive.google.com\/file\/d\/0BwTuGw_GyXz6T2hTVjVoM3dYWlU\/view\" target=\"_blank\" rel=\"noopener\"><strong>Probability layers of the 5 landcover types (GIS files) as\u00a0published<\/strong><\/a>\u00a0&#8211; 50 m &#8211; Geotif<br \/><a href=\"http:\/\/www.afritron.org\/upload\/en\/Peat\/EM5\/Metadata_Dargie_Congo_Peat_Probability_Layers.txt\" target=\"_blank\" rel=\"noopener\">Metadata<\/a><\/li>\n<\/ul>\n<p><em>The files were created by Greta Dargie and Edward Mitchard. <\/em><em>For questions about these data layers please contact\u00a0Edward Mitchard, email: <\/em><em><a href=\"mailto:edward.mitchard@ed.ac.uk\">edward.mitchard@ed.ac.uk<\/a><\/em><\/p>\n\t\t\t\t\t\t\t\t<\/div>\n\t\t\t\t<div class=\"elementor-element elementor-element-01b13c7 elementor-widget-divider--view-line elementor-widget elementor-widget-divider\" data-id=\"01b13c7\" data-element_type=\"widget\" data-e-type=\"widget\" data-widget_type=\"divider.default\">\n\t\t\t\t\t\t\t<div class=\"elementor-divider\">\n\t\t\t<span class=\"elementor-divider-separator\">\n\t\t\t\t\t\t<\/span>\n\t\t<\/div>\n\t\t\t\t\t\t<\/div>\n\t\t\t\t<div class=\"elementor-element elementor-element-731b88e elementor-widget elementor-widget-text-editor\" data-id=\"731b88e\" data-element_type=\"widget\" data-e-type=\"widget\" data-widget_type=\"text-editor.default\">\n\t\t\t\t\t\t\t\t\t<p>Dargie, G.C., Lewis, S.L., Lawson, I.T., Mitchard, E.T.A., Bocko, Y.E., Ifo, S.A. 2017.\u00a0<a href=\"http:\/\/eprints.whiterose.ac.uk\/111018\/\">Age, extent and carbon storage of the central Congo Basin peatland complex.<\/a>\u00a0<em>Nature.\u00a0<\/em><strong>542<\/strong>(7639), pp.86-90. \u00a0\u00a0<\/p>\n<ul>\n<li><strong><a href=\"https:\/\/congopeat.net\/wp-content\/uploads\/sites\/49\/2019\/03\/peatlands-map-as-published-2.png\">Probability map of vegetation types derived from 1,000 runs of a maximum likelihood classification using eight remote sensing products<\/a><\/strong>\u00a0(three ALOS PALSAR; two SRTM-derived variables; three Landsat ETM+ bands) and jack-knifed selections of training data. Field observations show that peat underlies both hardwood tree-and palm-dominated swamp forest. PNG.\u00a0<\/li>\n<\/ul>\n\t\t\t\t\t\t\t\t<\/div>\n\t\t\t\t\t<\/div>\n\t\t<\/div>\n\t\t\t\t\t<\/div>\n\t\t<\/section>\n\t\t\t\t<\/div>\n\t\t","protected":false},"excerpt":{"rendered":"<p>Cartes Scientific Research on Tropical Peatland in the DRC Credit: Kevin McElvaney\/Greenpeace Cartes interactives Pour visualiser les r\u00e9sultats de la carte CongoPeat via le portail interactif UN Biodiversity Lab, avec plus de 150 autres ensembles de donn\u00e9es : visitez\u00a0https:\/\/map.unbiodiversitylab.org\/ saisissez \u00ab CongoPeat \u00bb dans le champ de recherche \u00ab Layers \u00bb pour trouver la carte\u00a0 &#8230; <\/p>\n<p class=\"read-more-container\"><a title=\"Cartes\" class=\"read-more button\" href=\"https:\/\/congopeat.net\/fr\/cartes\/#more-1814\" aria-label=\"Read more about Cartes\">Lire plus<\/a><\/p>\n","protected":false},"author":119,"featured_media":0,"parent":0,"menu_order":10,"comment_status":"closed","ping_status":"closed","template":"","meta":{"_acf_changed":false,"inline_featured_image":false,"ngg_post_thumbnail":0,"footnotes":""},"class_list":["post-1814","page","type-page","status-publish"],"acf":[],"yoast_head":"<!-- This site is optimized with the Yoast SEO plugin v27.3 - https:\/\/yoast.com\/product\/yoast-seo-wordpress\/ -->\n<title>Cartes - CongoPeat<\/title>\n<meta name=\"robots\" content=\"index, follow, max-snippet:-1, max-image-preview:large, max-video-preview:-1\" \/>\n<link rel=\"canonical\" href=\"https:\/\/congopeat.net\/fr\/cartes\/\" \/>\n<meta property=\"og:locale\" content=\"fr_FR\" \/>\n<meta property=\"og:type\" content=\"article\" \/>\n<meta property=\"og:title\" content=\"Cartes - CongoPeat\" \/>\n<meta property=\"og:description\" content=\"Cartes Scientific Research on Tropical Peatland in the DRC Credit: Kevin McElvaney\/Greenpeace Cartes interactives Pour visualiser les r\u00e9sultats de la carte CongoPeat via le portail interactif UN Biodiversity Lab, avec plus de 150 autres ensembles de donn\u00e9es : visitez\u00a0https:\/\/map.unbiodiversitylab.org\/ saisissez \u00ab CongoPeat \u00bb dans le champ de recherche \u00ab Layers \u00bb pour trouver la carte\u00a0 ... Lire plus\" \/>\n<meta property=\"og:url\" content=\"https:\/\/congopeat.net\/fr\/cartes\/\" \/>\n<meta property=\"og:site_name\" content=\"CongoPeat\" \/>\n<meta property=\"article:modified_time\" content=\"2023-09-11T08:54:19+00:00\" \/>\n<meta name=\"twitter:card\" content=\"summary_large_image\" \/>\n<meta name=\"twitter:image\" content=\"https:\/\/congopeat.net\/wp-content\/uploads\/sites\/49\/2019\/06\/Maps-cover.jpg\" \/>\n<meta name=\"twitter:label1\" content=\"Dur\u00e9e de lecture estim\u00e9e\" \/>\n\t<meta name=\"twitter:data1\" content=\"3 minutes\" \/>\n<script type=\"application\/ld+json\" class=\"yoast-schema-graph\">{\"@context\":\"https:\\\/\\\/schema.org\",\"@graph\":[{\"@type\":\"WebPage\",\"@id\":\"https:\\\/\\\/congopeat.net\\\/fr\\\/cartes\\\/\",\"url\":\"https:\\\/\\\/congopeat.net\\\/fr\\\/cartes\\\/\",\"name\":\"Cartes - CongoPeat\",\"isPartOf\":{\"@id\":\"https:\\\/\\\/congopeat.net\\\/fr\\\/#website\"},\"datePublished\":\"2019-06-03T09:40:25+00:00\",\"dateModified\":\"2023-09-11T08:54:19+00:00\",\"breadcrumb\":{\"@id\":\"https:\\\/\\\/congopeat.net\\\/fr\\\/cartes\\\/#breadcrumb\"},\"inLanguage\":\"fr-FR\",\"potentialAction\":[{\"@type\":\"ReadAction\",\"target\":[\"https:\\\/\\\/congopeat.net\\\/fr\\\/cartes\\\/\"]}]},{\"@type\":\"BreadcrumbList\",\"@id\":\"https:\\\/\\\/congopeat.net\\\/fr\\\/cartes\\\/#breadcrumb\",\"itemListElement\":[{\"@type\":\"ListItem\",\"position\":1,\"name\":\"Home\",\"item\":\"https:\\\/\\\/congopeat.net\\\/fr\\\/congopeat-home-page\\\/\"},{\"@type\":\"ListItem\",\"position\":2,\"name\":\"Cartes\"}]},{\"@type\":\"WebSite\",\"@id\":\"https:\\\/\\\/congopeat.net\\\/fr\\\/#website\",\"url\":\"https:\\\/\\\/congopeat.net\\\/fr\\\/\",\"name\":\"CongoPeat\",\"description\":\"Past, Present &amp; Future of the Peatlands of the Central Congo Basin\",\"publisher\":{\"@id\":\"https:\\\/\\\/congopeat.net\\\/fr\\\/#organization\"},\"potentialAction\":[{\"@type\":\"SearchAction\",\"target\":{\"@type\":\"EntryPoint\",\"urlTemplate\":\"https:\\\/\\\/congopeat.net\\\/fr\\\/?s={search_term_string}\"},\"query-input\":{\"@type\":\"PropertyValueSpecification\",\"valueRequired\":true,\"valueName\":\"search_term_string\"}}],\"inLanguage\":\"fr-FR\"},{\"@type\":\"Organization\",\"@id\":\"https:\\\/\\\/congopeat.net\\\/fr\\\/#organization\",\"name\":\"CongoPeat\",\"url\":\"https:\\\/\\\/congopeat.net\\\/fr\\\/\",\"logo\":{\"@type\":\"ImageObject\",\"inLanguage\":\"fr-FR\",\"@id\":\"https:\\\/\\\/congopeat.net\\\/fr\\\/#\\\/schema\\\/logo\\\/image\\\/\",\"url\":\"https:\\\/\\\/congopeat.net\\\/wp-content\\\/uploads\\\/sites\\\/49\\\/2020\\\/02\\\/cropped-Congo_Peat_logo-1.jpg\",\"contentUrl\":\"https:\\\/\\\/congopeat.net\\\/wp-content\\\/uploads\\\/sites\\\/49\\\/2020\\\/02\\\/cropped-Congo_Peat_logo-1.jpg\",\"width\":66,\"height\":80,\"caption\":\"CongoPeat\"},\"image\":{\"@id\":\"https:\\\/\\\/congopeat.net\\\/fr\\\/#\\\/schema\\\/logo\\\/image\\\/\"}}]}<\/script>\n<!-- \/ Yoast SEO plugin. -->","yoast_head_json":{"title":"Cartes - CongoPeat","robots":{"index":"index","follow":"follow","max-snippet":"max-snippet:-1","max-image-preview":"max-image-preview:large","max-video-preview":"max-video-preview:-1"},"canonical":"https:\/\/congopeat.net\/fr\/cartes\/","og_locale":"fr_FR","og_type":"article","og_title":"Cartes - CongoPeat","og_description":"Cartes Scientific Research on Tropical Peatland in the DRC Credit: Kevin McElvaney\/Greenpeace Cartes interactives Pour visualiser les r\u00e9sultats de la carte CongoPeat via le portail interactif UN Biodiversity Lab, avec plus de 150 autres ensembles de donn\u00e9es : visitez\u00a0https:\/\/map.unbiodiversitylab.org\/ saisissez \u00ab CongoPeat \u00bb dans le champ de recherche \u00ab Layers \u00bb pour trouver la carte\u00a0 ... Lire plus","og_url":"https:\/\/congopeat.net\/fr\/cartes\/","og_site_name":"CongoPeat","article_modified_time":"2023-09-11T08:54:19+00:00","twitter_card":"summary_large_image","twitter_image":"https:\/\/congopeat.net\/wp-content\/uploads\/sites\/49\/2019\/06\/Maps-cover.jpg","twitter_misc":{"Dur\u00e9e de lecture estim\u00e9e":"3 minutes"},"schema":{"@context":"https:\/\/schema.org","@graph":[{"@type":"WebPage","@id":"https:\/\/congopeat.net\/fr\/cartes\/","url":"https:\/\/congopeat.net\/fr\/cartes\/","name":"Cartes - CongoPeat","isPartOf":{"@id":"https:\/\/congopeat.net\/fr\/#website"},"datePublished":"2019-06-03T09:40:25+00:00","dateModified":"2023-09-11T08:54:19+00:00","breadcrumb":{"@id":"https:\/\/congopeat.net\/fr\/cartes\/#breadcrumb"},"inLanguage":"fr-FR","potentialAction":[{"@type":"ReadAction","target":["https:\/\/congopeat.net\/fr\/cartes\/"]}]},{"@type":"BreadcrumbList","@id":"https:\/\/congopeat.net\/fr\/cartes\/#breadcrumb","itemListElement":[{"@type":"ListItem","position":1,"name":"Home","item":"https:\/\/congopeat.net\/fr\/congopeat-home-page\/"},{"@type":"ListItem","position":2,"name":"Cartes"}]},{"@type":"WebSite","@id":"https:\/\/congopeat.net\/fr\/#website","url":"https:\/\/congopeat.net\/fr\/","name":"CongoPeat","description":"Past, Present &amp; Future of the Peatlands of the Central Congo Basin","publisher":{"@id":"https:\/\/congopeat.net\/fr\/#organization"},"potentialAction":[{"@type":"SearchAction","target":{"@type":"EntryPoint","urlTemplate":"https:\/\/congopeat.net\/fr\/?s={search_term_string}"},"query-input":{"@type":"PropertyValueSpecification","valueRequired":true,"valueName":"search_term_string"}}],"inLanguage":"fr-FR"},{"@type":"Organization","@id":"https:\/\/congopeat.net\/fr\/#organization","name":"CongoPeat","url":"https:\/\/congopeat.net\/fr\/","logo":{"@type":"ImageObject","inLanguage":"fr-FR","@id":"https:\/\/congopeat.net\/fr\/#\/schema\/logo\/image\/","url":"https:\/\/congopeat.net\/wp-content\/uploads\/sites\/49\/2020\/02\/cropped-Congo_Peat_logo-1.jpg","contentUrl":"https:\/\/congopeat.net\/wp-content\/uploads\/sites\/49\/2020\/02\/cropped-Congo_Peat_logo-1.jpg","width":66,"height":80,"caption":"CongoPeat"},"image":{"@id":"https:\/\/congopeat.net\/fr\/#\/schema\/logo\/image\/"}}]}},"_links":{"self":[{"href":"https:\/\/congopeat.net\/fr\/wp-json\/wp\/v2\/pages\/1814","targetHints":{"allow":["GET"]}}],"collection":[{"href":"https:\/\/congopeat.net\/fr\/wp-json\/wp\/v2\/pages"}],"about":[{"href":"https:\/\/congopeat.net\/fr\/wp-json\/wp\/v2\/types\/page"}],"author":[{"embeddable":true,"href":"https:\/\/congopeat.net\/fr\/wp-json\/wp\/v2\/users\/119"}],"replies":[{"embeddable":true,"href":"https:\/\/congopeat.net\/fr\/wp-json\/wp\/v2\/comments?post=1814"}],"version-history":[{"count":0,"href":"https:\/\/congopeat.net\/fr\/wp-json\/wp\/v2\/pages\/1814\/revisions"}],"wp:attachment":[{"href":"https:\/\/congopeat.net\/fr\/wp-json\/wp\/v2\/media?parent=1814"}],"curies":[{"name":"wp","href":"https:\/\/api.w.org\/{rel}","templated":true}]}}