{"id":1751,"date":"2019-04-28T16:00:04","date_gmt":"2019-04-28T15:00:04","guid":{"rendered":"https:\/\/congopeat.net\/un-avenir-different\/"},"modified":"2020-02-13T15:39:48","modified_gmt":"2020-02-13T15:39:48","slug":"impacts-politiques","status":"publish","type":"page","link":"https:\/\/congopeat.net\/fr\/impacts-politiques\/","title":{"rendered":"Les impacts politiques"},"content":{"rendered":"\t\t<div data-elementor-type=\"wp-post\" data-elementor-id=\"1751\" class=\"elementor elementor-1751 elementor-1372\">\n\t\t\t\t\t\t<section class=\"elementor-section elementor-top-section elementor-element elementor-element-76310d5 elementor-section-full_width elementor-section-content-middle elementor-section-stretched elementor-section-height-default elementor-section-height-default\" data-id=\"76310d5\" data-element_type=\"section\" data-e-type=\"section\" data-settings=\"{&quot;background_background&quot;:&quot;classic&quot;,&quot;stretch_section&quot;:&quot;section-stretched&quot;}\">\n\t\t\t\t\t\t\t<div class=\"elementor-background-overlay\"><\/div>\n\t\t\t\t\t\t\t<div class=\"elementor-container elementor-column-gap-default\">\n\t\t\t\t\t<div class=\"elementor-column elementor-col-100 elementor-top-column elementor-element elementor-element-f44fb6d\" data-id=\"f44fb6d\" data-element_type=\"column\" data-e-type=\"column\">\n\t\t\t<div class=\"elementor-widget-wrap elementor-element-populated\">\n\t\t\t\t\t\t<div class=\"elementor-element elementor-element-53a7fda elementor-widget elementor-widget-heading\" data-id=\"53a7fda\" data-element_type=\"widget\" data-e-type=\"widget\" data-widget_type=\"heading.default\">\n\t\t\t\t\t<h2 class=\"elementor-heading-title elementor-size-default\">Les impacts politiques<\/h2>\t\t\t\t<\/div>\n\t\t\t\t\t<\/div>\n\t\t<\/div>\n\t\t\t\t\t<\/div>\n\t\t<\/section>\n\t\t\t\t<section class=\"elementor-section elementor-top-section elementor-element elementor-element-e0a731a elementor-section-full_width elementor-section-height-default elementor-section-height-default\" data-id=\"e0a731a\" data-element_type=\"section\" data-e-type=\"section\">\n\t\t\t\t\t\t<div class=\"elementor-container elementor-column-gap-default\">\n\t\t\t\t\t<div class=\"elementor-column elementor-col-100 elementor-top-column elementor-element elementor-element-9b026e2\" data-id=\"9b026e2\" data-element_type=\"column\" data-e-type=\"column\">\n\t\t\t<div class=\"elementor-widget-wrap elementor-element-populated\">\n\t\t\t\t\t\t<div class=\"elementor-element elementor-element-7a8c4a0 elementor-widget elementor-widget-text-editor\" data-id=\"7a8c4a0\" data-element_type=\"widget\" data-e-type=\"widget\" data-widget_type=\"text-editor.default\">\n\t\t\t\t\t\t\t\t\t<p>Cr\u00e9dit : Simon Lewis<\/p>\n\t\t\t\t\t\t\t\t<\/div>\n\t\t\t\t\t<\/div>\n\t\t<\/div>\n\t\t\t\t\t<\/div>\n\t\t<\/section>\n\t\t\t\t<section class=\"elementor-section elementor-top-section elementor-element elementor-element-51bbc45b elementor-section-boxed elementor-section-height-default elementor-section-height-default\" data-id=\"51bbc45b\" data-element_type=\"section\" data-e-type=\"section\">\n\t\t\t\t\t\t<div class=\"elementor-container elementor-column-gap-default\">\n\t\t\t\t\t<div class=\"elementor-column elementor-col-100 elementor-top-column elementor-element elementor-element-2bfba346\" data-id=\"2bfba346\" data-element_type=\"column\" data-e-type=\"column\">\n\t\t\t<div class=\"elementor-widget-wrap elementor-element-populated\">\n\t\t\t\t\t\t<div class=\"elementor-element elementor-element-1e978bd9 elementor-widget elementor-widget-spacer\" data-id=\"1e978bd9\" data-element_type=\"widget\" data-e-type=\"widget\" data-widget_type=\"spacer.default\">\n\t\t\t\t\t\t\t<div class=\"elementor-spacer\">\n\t\t\t<div class=\"elementor-spacer-inner\"><\/div>\n\t\t<\/div>\n\t\t\t\t\t\t<\/div>\n\t\t\t\t<div class=\"elementor-element elementor-element-735562b2 elementor-widget elementor-widget-heading\" data-id=\"735562b2\" data-element_type=\"widget\" data-e-type=\"widget\" data-widget_type=\"heading.default\">\n\t\t\t\t\t<h2 class=\"elementor-heading-title elementor-size-default\">Sensibiliser les d\u00e9cideurs et la soci\u00e9t\u00e9 civile<\/h2>\t\t\t\t<\/div>\n\t\t\t\t<div class=\"elementor-element elementor-element-108c0758 elementor-widget elementor-widget-text-editor\" data-id=\"108c0758\" data-element_type=\"widget\" data-e-type=\"widget\" data-widget_type=\"text-editor.default\">\n\t\t\t\t\t\t\t\t\t<p><strong>L\u2019ambition de notre projet, CongoPeat, est de mettre \u00e0 disposition des d\u00e9cideurs et de la soci\u00e9t\u00e9 civile des informations opportunes dans un format qui leur est utile.<br \/>\n<\/strong><\/p>\n<p>La presse et les d\u00e9cideurs politiques ont pr\u00eat\u00e9 une attention toute particuli\u00e8re aux recherches initiales effectu\u00e9es par l\u2019\u00e9quipe CongoPeat, qui servent de base pour le projet actuel. En mars 2018, la signature s\u2019est conclue de la <a href=\"https:\/\/www.unenvironment.org\/news-and-stories\/press-release\/historic-agreement-signed-protect-worlds-largest-tropical-peatland\">D\u00e9claration intergouvernementale de Brazzaville<\/a>, qui engage la R\u00e9publique du Congo, la R\u00e9publique d\u00e9mocratique du Congo et l\u2019Indon\u00e9sie \u00e0 oeuvrer ensemble en faveur de la protection des tourbi\u00e8res et de leur carbone, et fait appel \u00e0 un accompagnement au niveau international dans cette d\u00e9marche.<\/p>\n<p><a href=\"https:\/\/www.unep-wcmc.org\/employees\/lera-miles\">Dr Lera Miles<\/a>, du <a href=\"https:\/\/www.unep-wcmc.org\/\">Centre mondial de surveillance continue de la conservation de la nature<\/a> (UNEP World Conservation Monitoring Centre), m\u00e8nera un projet qui a pour objectif de pr\u00e9senter nos r\u00e9sultats scientifiques en langage accessible \u00e0 ceux qui s\u2019occupent de la protection et de la gestion des tourbi\u00e8res.<\/p>\n<p>Cette \u00e9tape tr\u00e8s importante de notre projet s\u2019effectuera avec le soutien continu d\u2019organisations internationales telles que l\u2019<a href=\"https:\/\/www.globalpeatlands.org\/\">Initiative mondiale sur les tourbi\u00e8res<\/a>, <a href=\"https:\/\/www.greenpeace.org\/africa\/fr\/\">Greenpeace Afrique<\/a>, les gouvernements des deux pays, la R\u00e9publique du Congo et la RDC, WCS Congo et les communaut\u00e9s vivant aux environs des tourbi\u00e8res, ce qui devrait garantir que notre travail laisse un h\u00e9ritage positif et durable.<\/p>\n\t\t\t\t\t\t\t\t<\/div>\n\t\t\t\t\t<\/div>\n\t\t<\/div>\n\t\t\t\t\t<\/div>\n\t\t<\/section>\n\t\t\t\t<section class=\"elementor-section elementor-top-section elementor-element elementor-element-6b8258a elementor-section-boxed elementor-section-height-default elementor-section-height-default\" data-id=\"6b8258a\" data-element_type=\"section\" data-e-type=\"section\">\n\t\t\t\t\t\t<div class=\"elementor-container elementor-column-gap-default\">\n\t\t\t\t\t<div class=\"elementor-column elementor-col-100 elementor-top-column elementor-element elementor-element-d3c39af\" data-id=\"d3c39af\" data-element_type=\"column\" data-e-type=\"column\">\n\t\t\t<div class=\"elementor-widget-wrap elementor-element-populated\">\n\t\t\t\t\t\t<div class=\"elementor-element elementor-element-591fa1c elementor-widget elementor-widget-text-editor\" data-id=\"591fa1c\" data-element_type=\"widget\" data-e-type=\"widget\" data-widget_type=\"text-editor.default\">\n\t\t\t\t\t\t\t\t\t<p style=\"text-align: center;\"><strong>Voir aussi : <a href=\"https:\/\/congopeat.net\/fr\/le-passe\/\">Le pass\u00e9<\/a>, <a href=\"https:\/\/congopeat.net\/fr\/le-present\/\">Le pr\u00e9sent<\/a>, <a href=\"https:\/\/congopeat.net\/fr\/lavenir\/\">L&rsquo;avenir<\/a><\/strong><\/p>\n\t\t\t\t\t\t\t\t<\/div>\n\t\t\t\t\t<\/div>\n\t\t<\/div>\n\t\t\t\t\t<\/div>\n\t\t<\/section>\n\t\t\t\t<section class=\"elementor-section elementor-top-section elementor-element elementor-element-3ecb0bd elementor-section-boxed elementor-section-height-default elementor-section-height-default\" data-id=\"3ecb0bd\" data-element_type=\"section\" data-e-type=\"section\" data-settings=\"{&quot;background_background&quot;:&quot;classic&quot;}\">\n\t\t\t\t\t\t<div class=\"elementor-container elementor-column-gap-default\">\n\t\t\t\t\t<div class=\"elementor-column elementor-col-50 elementor-top-column elementor-element elementor-element-d823bd3\" data-id=\"d823bd3\" data-element_type=\"column\" data-e-type=\"column\">\n\t\t\t<div class=\"elementor-widget-wrap elementor-element-populated\">\n\t\t\t\t\t\t<div class=\"elementor-element elementor-element-01737dc elementor-widget elementor-widget-heading\" data-id=\"01737dc\" data-element_type=\"widget\" data-e-type=\"widget\" data-widget_type=\"heading.default\">\n\t\t\t\t\t<h2 class=\"elementor-heading-title elementor-size-default\">Contactez-nous<\/h2>\t\t\t\t<\/div>\n\t\t\t\t<div class=\"elementor-element elementor-element-a627ccf elementor-align-start elementor-icon-list--layout-traditional elementor-list-item-link-full_width elementor-widget elementor-widget-icon-list\" data-id=\"a627ccf\" data-element_type=\"widget\" data-e-type=\"widget\" data-widget_type=\"icon-list.default\">\n\t\t\t\t\t\t\t<ul class=\"elementor-icon-list-items\">\n\t\t\t\t\t\t\t<li class=\"elementor-icon-list-item\">\n\t\t\t\t\t\t\t\t\t\t\t<span class=\"elementor-icon-list-icon\">\n\t\t\t\t\t\t\t\t\t\t\t\t\t\t\t\t<i class=\"fa fa-phone\" aria-hidden=\"true\"><\/i>\n\t\t\t\t\t\t\t\t\t\t\t\t\t<\/span>\n\t\t\t\t\t\t\t\t\t\t<span class=\"elementor-icon-list-text\">T\u00e9l. : +44 (0)113 343 3341<\/span>\n\t\t\t\t\t\t\t\t\t<\/li>\n\t\t\t\t\t\t\t\t<li class=\"elementor-icon-list-item\">\n\t\t\t\t\t\t\t\t\t\t\t<a href=\"mailto:admin@congopeat.net\">\n\n\t\t\t\t\t\t\t\t\t\t\t\t<span class=\"elementor-icon-list-icon\">\n\t\t\t\t\t\t\t\t\t\t\t\t\t\t\t\t<i class=\"fa fa-envelope\" aria-hidden=\"true\"><\/i>\n\t\t\t\t\t\t\t\t\t\t\t\t\t<\/span>\n\t\t\t\t\t\t\t\t\t\t<span class=\"elementor-icon-list-text\">E-mail : admin@congopeat.net <\/span>\n\t\t\t\t\t\t\t\t\t\t\t<\/a>\n\t\t\t\t\t\t\t\t\t<\/li>\n\t\t\t\t\t\t\t\t<li class=\"elementor-icon-list-item\">\n\t\t\t\t\t\t\t\t\t\t\t<a href=\"https:\/\/twitter.com\/CongoPeat\">\n\n\t\t\t\t\t\t\t\t\t\t\t\t<span class=\"elementor-icon-list-icon\">\n\t\t\t\t\t\t\t\t\t\t\t\t\t\t\t\t<i class=\"fa fa-twitter\" aria-hidden=\"true\"><\/i>\n\t\t\t\t\t\t\t\t\t\t\t\t\t<\/span>\n\t\t\t\t\t\t\t\t\t\t<span class=\"elementor-icon-list-text\">Twitter : @CongoPeat<\/span>\n\t\t\t\t\t\t\t\t\t\t\t<\/a>\n\t\t\t\t\t\t\t\t\t<\/li>\n\t\t\t\t\t\t<\/ul>\n\t\t\t\t\t\t<\/div>\n\t\t\t\t\t<\/div>\n\t\t<\/div>\n\t\t\t\t<div class=\"elementor-column elementor-col-50 elementor-top-column elementor-element elementor-element-16356f6\" data-id=\"16356f6\" data-element_type=\"column\" data-e-type=\"column\">\n\t\t\t<div class=\"elementor-widget-wrap elementor-element-populated\">\n\t\t\t\t\t\t<div class=\"elementor-element elementor-element-2a341f3 elementor-widget elementor-widget-heading\" data-id=\"2a341f3\" data-element_type=\"widget\" data-e-type=\"widget\" data-widget_type=\"heading.default\">\n\t\t\t\t\t<h2 class=\"elementor-heading-title elementor-size-default\">Financ\u00e9 par<\/h2>\t\t\t\t<\/div>\n\t\t\t\t<div class=\"elementor-element elementor-element-cdb9d3e elementor-widget elementor-widget-image\" data-id=\"cdb9d3e\" data-element_type=\"widget\" data-e-type=\"widget\" data-widget_type=\"image.default\">\n\t\t\t\t\t\t\t\t\t\t\t\t\t\t\t\t<a href=\"https:\/\/nerc.ukri.org\/\">\n\t\t\t\t\t\t\t<img decoding=\"async\" width=\"315\" height=\"80\" src=\"https:\/\/congopeat.net\/wp-content\/uploads\/sites\/49\/2020\/02\/UKRI_NER_Council-Logo_Horiz-RGB-1.png\" class=\"elementor-animation-grow attachment-large size-large wp-image-2217\" alt=\"\" srcset=\"https:\/\/congopeat.net\/wp-content\/uploads\/sites\/49\/2020\/02\/UKRI_NER_Council-Logo_Horiz-RGB-1.png 315w, https:\/\/congopeat.net\/wp-content\/uploads\/sites\/49\/2020\/02\/UKRI_NER_Council-Logo_Horiz-RGB-1-300x76.png 300w\" sizes=\"(max-width: 315px) 100vw, 315px\" \/>\t\t\t\t\t\t\t\t<\/a>\n\t\t\t\t\t\t\t\t\t\t\t\t\t\t\t<\/div>\n\t\t\t\t\t<\/div>\n\t\t<\/div>\n\t\t\t\t\t<\/div>\n\t\t<\/section>\n\t\t\t\t<\/div>\n\t\t","protected":false},"excerpt":{"rendered":"<p>Les impacts politiques Cr\u00e9dit : Simon Lewis Sensibiliser les d\u00e9cideurs et la soci\u00e9t\u00e9 civile L\u2019ambition de notre projet, CongoPeat, est de mettre \u00e0 disposition des d\u00e9cideurs et de la soci\u00e9t\u00e9 civile des informations opportunes dans un format qui leur est utile. La presse et les d\u00e9cideurs politiques ont pr\u00eat\u00e9 une attention toute particuli\u00e8re aux recherches &#8230; <\/p>\n<p class=\"read-more-container\"><a title=\"Les impacts politiques\" class=\"read-more button\" href=\"https:\/\/congopeat.net\/fr\/impacts-politiques\/#more-1751\" aria-label=\"Read more about Les impacts politiques\">Lire plus<\/a><\/p>\n","protected":false},"author":119,"featured_media":0,"parent":0,"menu_order":15,"comment_status":"closed","ping_status":"closed","template":"","meta":{"_acf_changed":false,"inline_featured_image":false,"ngg_post_thumbnail":0,"footnotes":""},"class_list":["post-1751","page","type-page","status-publish"],"acf":[],"yoast_head":"<!-- This site is optimized with the Yoast SEO plugin v27.3 - https:\/\/yoast.com\/product\/yoast-seo-wordpress\/ -->\n<title>Les impacts politiques - CongoPeat<\/title>\n<meta name=\"robots\" content=\"index, follow, max-snippet:-1, max-image-preview:large, max-video-preview:-1\" \/>\n<link rel=\"canonical\" href=\"https:\/\/congopeat.net\/fr\/impacts-politiques\/\" \/>\n<meta property=\"og:locale\" content=\"fr_FR\" \/>\n<meta property=\"og:type\" content=\"article\" \/>\n<meta property=\"og:title\" content=\"Les impacts politiques - CongoPeat\" \/>\n<meta property=\"og:description\" content=\"Les impacts politiques Cr\u00e9dit : Simon Lewis Sensibiliser les d\u00e9cideurs et la soci\u00e9t\u00e9 civile L\u2019ambition de notre projet, CongoPeat, est de mettre \u00e0 disposition des d\u00e9cideurs et de la soci\u00e9t\u00e9 civile des informations opportunes dans un format qui leur est utile. La presse et les d\u00e9cideurs politiques ont pr\u00eat\u00e9 une attention toute particuli\u00e8re aux recherches ... Lire plus\" \/>\n<meta property=\"og:url\" content=\"https:\/\/congopeat.net\/fr\/impacts-politiques\/\" \/>\n<meta property=\"og:site_name\" content=\"CongoPeat\" \/>\n<meta property=\"article:modified_time\" content=\"2020-02-13T15:39:48+00:00\" \/>\n<meta property=\"og:image\" content=\"https:\/\/congopeat.net\/wp-content\/uploads\/sites\/49\/2020\/02\/UKRI_NER_Council-Logo_Horiz-RGB-1.png\" \/>\n<meta name=\"twitter:card\" content=\"summary_large_image\" \/>\n<meta name=\"twitter:label1\" content=\"Dur\u00e9e de lecture estim\u00e9e\" \/>\n\t<meta name=\"twitter:data1\" content=\"1 minute\" \/>\n<script type=\"application\/ld+json\" class=\"yoast-schema-graph\">{\"@context\":\"https:\\\/\\\/schema.org\",\"@graph\":[{\"@type\":\"WebPage\",\"@id\":\"https:\\\/\\\/congopeat.net\\\/fr\\\/impacts-politiques\\\/\",\"url\":\"https:\\\/\\\/congopeat.net\\\/fr\\\/impacts-politiques\\\/\",\"name\":\"Les impacts politiques - CongoPeat\",\"isPartOf\":{\"@id\":\"https:\\\/\\\/congopeat.net\\\/fr\\\/#website\"},\"primaryImageOfPage\":{\"@id\":\"https:\\\/\\\/congopeat.net\\\/fr\\\/impacts-politiques\\\/#primaryimage\"},\"image\":{\"@id\":\"https:\\\/\\\/congopeat.net\\\/fr\\\/impacts-politiques\\\/#primaryimage\"},\"thumbnailUrl\":\"https:\\\/\\\/congopeat.net\\\/wp-content\\\/uploads\\\/sites\\\/49\\\/2020\\\/02\\\/UKRI_NER_Council-Logo_Horiz-RGB-1.png\",\"datePublished\":\"2019-04-28T15:00:04+00:00\",\"dateModified\":\"2020-02-13T15:39:48+00:00\",\"breadcrumb\":{\"@id\":\"https:\\\/\\\/congopeat.net\\\/fr\\\/impacts-politiques\\\/#breadcrumb\"},\"inLanguage\":\"fr-FR\",\"potentialAction\":[{\"@type\":\"ReadAction\",\"target\":[\"https:\\\/\\\/congopeat.net\\\/fr\\\/impacts-politiques\\\/\"]}]},{\"@type\":\"ImageObject\",\"inLanguage\":\"fr-FR\",\"@id\":\"https:\\\/\\\/congopeat.net\\\/fr\\\/impacts-politiques\\\/#primaryimage\",\"url\":\"https:\\\/\\\/congopeat.net\\\/wp-content\\\/uploads\\\/sites\\\/49\\\/2020\\\/02\\\/UKRI_NER_Council-Logo_Horiz-RGB-1.png\",\"contentUrl\":\"https:\\\/\\\/congopeat.net\\\/wp-content\\\/uploads\\\/sites\\\/49\\\/2020\\\/02\\\/UKRI_NER_Council-Logo_Horiz-RGB-1.png\"},{\"@type\":\"BreadcrumbList\",\"@id\":\"https:\\\/\\\/congopeat.net\\\/fr\\\/impacts-politiques\\\/#breadcrumb\",\"itemListElement\":[{\"@type\":\"ListItem\",\"position\":1,\"name\":\"Home\",\"item\":\"https:\\\/\\\/congopeat.net\\\/fr\\\/congopeat-home-page\\\/\"},{\"@type\":\"ListItem\",\"position\":2,\"name\":\"Les impacts politiques\"}]},{\"@type\":\"WebSite\",\"@id\":\"https:\\\/\\\/congopeat.net\\\/fr\\\/#website\",\"url\":\"https:\\\/\\\/congopeat.net\\\/fr\\\/\",\"name\":\"CongoPeat\",\"description\":\"Past, Present &amp; Future of the Peatlands of the Central Congo Basin\",\"publisher\":{\"@id\":\"https:\\\/\\\/congopeat.net\\\/fr\\\/#organization\"},\"potentialAction\":[{\"@type\":\"SearchAction\",\"target\":{\"@type\":\"EntryPoint\",\"urlTemplate\":\"https:\\\/\\\/congopeat.net\\\/fr\\\/?s={search_term_string}\"},\"query-input\":{\"@type\":\"PropertyValueSpecification\",\"valueRequired\":true,\"valueName\":\"search_term_string\"}}],\"inLanguage\":\"fr-FR\"},{\"@type\":\"Organization\",\"@id\":\"https:\\\/\\\/congopeat.net\\\/fr\\\/#organization\",\"name\":\"CongoPeat\",\"url\":\"https:\\\/\\\/congopeat.net\\\/fr\\\/\",\"logo\":{\"@type\":\"ImageObject\",\"inLanguage\":\"fr-FR\",\"@id\":\"https:\\\/\\\/congopeat.net\\\/fr\\\/#\\\/schema\\\/logo\\\/image\\\/\",\"url\":\"https:\\\/\\\/congopeat.net\\\/wp-content\\\/uploads\\\/sites\\\/49\\\/2020\\\/02\\\/cropped-Congo_Peat_logo-1.jpg\",\"contentUrl\":\"https:\\\/\\\/congopeat.net\\\/wp-content\\\/uploads\\\/sites\\\/49\\\/2020\\\/02\\\/cropped-Congo_Peat_logo-1.jpg\",\"width\":66,\"height\":80,\"caption\":\"CongoPeat\"},\"image\":{\"@id\":\"https:\\\/\\\/congopeat.net\\\/fr\\\/#\\\/schema\\\/logo\\\/image\\\/\"}}]}<\/script>\n<!-- \/ Yoast SEO plugin. -->","yoast_head_json":{"title":"Les impacts politiques - CongoPeat","robots":{"index":"index","follow":"follow","max-snippet":"max-snippet:-1","max-image-preview":"max-image-preview:large","max-video-preview":"max-video-preview:-1"},"canonical":"https:\/\/congopeat.net\/fr\/impacts-politiques\/","og_locale":"fr_FR","og_type":"article","og_title":"Les impacts politiques - CongoPeat","og_description":"Les impacts politiques Cr\u00e9dit : Simon Lewis Sensibiliser les d\u00e9cideurs et la soci\u00e9t\u00e9 civile L\u2019ambition de notre projet, CongoPeat, est de mettre \u00e0 disposition des d\u00e9cideurs et de la soci\u00e9t\u00e9 civile des informations opportunes dans un format qui leur est utile. La presse et les d\u00e9cideurs politiques ont pr\u00eat\u00e9 une attention toute particuli\u00e8re aux recherches ... Lire plus","og_url":"https:\/\/congopeat.net\/fr\/impacts-politiques\/","og_site_name":"CongoPeat","article_modified_time":"2020-02-13T15:39:48+00:00","og_image":[{"url":"https:\/\/congopeat.net\/wp-content\/uploads\/sites\/49\/2020\/02\/UKRI_NER_Council-Logo_Horiz-RGB-1.png","type":"","width":"","height":""}],"twitter_card":"summary_large_image","twitter_misc":{"Dur\u00e9e de lecture estim\u00e9e":"1 minute"},"schema":{"@context":"https:\/\/schema.org","@graph":[{"@type":"WebPage","@id":"https:\/\/congopeat.net\/fr\/impacts-politiques\/","url":"https:\/\/congopeat.net\/fr\/impacts-politiques\/","name":"Les impacts politiques - CongoPeat","isPartOf":{"@id":"https:\/\/congopeat.net\/fr\/#website"},"primaryImageOfPage":{"@id":"https:\/\/congopeat.net\/fr\/impacts-politiques\/#primaryimage"},"image":{"@id":"https:\/\/congopeat.net\/fr\/impacts-politiques\/#primaryimage"},"thumbnailUrl":"https:\/\/congopeat.net\/wp-content\/uploads\/sites\/49\/2020\/02\/UKRI_NER_Council-Logo_Horiz-RGB-1.png","datePublished":"2019-04-28T15:00:04+00:00","dateModified":"2020-02-13T15:39:48+00:00","breadcrumb":{"@id":"https:\/\/congopeat.net\/fr\/impacts-politiques\/#breadcrumb"},"inLanguage":"fr-FR","potentialAction":[{"@type":"ReadAction","target":["https:\/\/congopeat.net\/fr\/impacts-politiques\/"]}]},{"@type":"ImageObject","inLanguage":"fr-FR","@id":"https:\/\/congopeat.net\/fr\/impacts-politiques\/#primaryimage","url":"https:\/\/congopeat.net\/wp-content\/uploads\/sites\/49\/2020\/02\/UKRI_NER_Council-Logo_Horiz-RGB-1.png","contentUrl":"https:\/\/congopeat.net\/wp-content\/uploads\/sites\/49\/2020\/02\/UKRI_NER_Council-Logo_Horiz-RGB-1.png"},{"@type":"BreadcrumbList","@id":"https:\/\/congopeat.net\/fr\/impacts-politiques\/#breadcrumb","itemListElement":[{"@type":"ListItem","position":1,"name":"Home","item":"https:\/\/congopeat.net\/fr\/congopeat-home-page\/"},{"@type":"ListItem","position":2,"name":"Les impacts politiques"}]},{"@type":"WebSite","@id":"https:\/\/congopeat.net\/fr\/#website","url":"https:\/\/congopeat.net\/fr\/","name":"CongoPeat","description":"Past, Present &amp; Future of the Peatlands of the Central Congo Basin","publisher":{"@id":"https:\/\/congopeat.net\/fr\/#organization"},"potentialAction":[{"@type":"SearchAction","target":{"@type":"EntryPoint","urlTemplate":"https:\/\/congopeat.net\/fr\/?s={search_term_string}"},"query-input":{"@type":"PropertyValueSpecification","valueRequired":true,"valueName":"search_term_string"}}],"inLanguage":"fr-FR"},{"@type":"Organization","@id":"https:\/\/congopeat.net\/fr\/#organization","name":"CongoPeat","url":"https:\/\/congopeat.net\/fr\/","logo":{"@type":"ImageObject","inLanguage":"fr-FR","@id":"https:\/\/congopeat.net\/fr\/#\/schema\/logo\/image\/","url":"https:\/\/congopeat.net\/wp-content\/uploads\/sites\/49\/2020\/02\/cropped-Congo_Peat_logo-1.jpg","contentUrl":"https:\/\/congopeat.net\/wp-content\/uploads\/sites\/49\/2020\/02\/cropped-Congo_Peat_logo-1.jpg","width":66,"height":80,"caption":"CongoPeat"},"image":{"@id":"https:\/\/congopeat.net\/fr\/#\/schema\/logo\/image\/"}}]}},"_links":{"self":[{"href":"https:\/\/congopeat.net\/fr\/wp-json\/wp\/v2\/pages\/1751","targetHints":{"allow":["GET"]}}],"collection":[{"href":"https:\/\/congopeat.net\/fr\/wp-json\/wp\/v2\/pages"}],"about":[{"href":"https:\/\/congopeat.net\/fr\/wp-json\/wp\/v2\/types\/page"}],"author":[{"embeddable":true,"href":"https:\/\/congopeat.net\/fr\/wp-json\/wp\/v2\/users\/119"}],"replies":[{"embeddable":true,"href":"https:\/\/congopeat.net\/fr\/wp-json\/wp\/v2\/comments?post=1751"}],"version-history":[{"count":0,"href":"https:\/\/congopeat.net\/fr\/wp-json\/wp\/v2\/pages\/1751\/revisions"}],"wp:attachment":[{"href":"https:\/\/congopeat.net\/fr\/wp-json\/wp\/v2\/media?parent=1751"}],"curies":[{"name":"wp","href":"https:\/\/api.w.org\/{rel}","templated":true}]}}