{"id":1727,"date":"2019-04-27T10:31:55","date_gmt":"2019-04-27T09:31:55","guid":{"rendered":"https:\/\/congopeat.net\/le-passe\/"},"modified":"2019-05-30T14:29:37","modified_gmt":"2019-05-30T13:29:37","slug":"le-passe","status":"publish","type":"page","link":"https:\/\/congopeat.net\/fr\/le-passe\/","title":{"rendered":"Le pass\u00e9"},"content":{"rendered":"\t\t<div data-elementor-type=\"wp-post\" data-elementor-id=\"1727\" class=\"elementor elementor-1727 elementor-1355\">\n\t\t\t\t\t\t<section class=\"elementor-section elementor-top-section elementor-element elementor-element-68ff634 elementor-section-full_width elementor-section-content-middle elementor-section-stretched elementor-section-height-default elementor-section-height-default\" data-id=\"68ff634\" data-element_type=\"section\" data-e-type=\"section\" data-settings=\"{&quot;background_background&quot;:&quot;classic&quot;,&quot;stretch_section&quot;:&quot;section-stretched&quot;}\">\n\t\t\t\t\t\t\t<div class=\"elementor-background-overlay\"><\/div>\n\t\t\t\t\t\t\t<div class=\"elementor-container elementor-column-gap-default\">\n\t\t\t\t\t<div class=\"elementor-column elementor-col-100 elementor-top-column elementor-element elementor-element-1541431\" data-id=\"1541431\" data-element_type=\"column\" data-e-type=\"column\">\n\t\t\t<div class=\"elementor-widget-wrap elementor-element-populated\">\n\t\t\t\t\t\t<div class=\"elementor-element elementor-element-043f5ef elementor-widget elementor-widget-heading\" data-id=\"043f5ef\" data-element_type=\"widget\" data-e-type=\"widget\" data-widget_type=\"heading.default\">\n\t\t\t\t\t<h2 class=\"elementor-heading-title elementor-size-default\">Le pass\u00e9<\/h2>\t\t\t\t<\/div>\n\t\t\t\t\t<\/div>\n\t\t<\/div>\n\t\t\t\t\t<\/div>\n\t\t<\/section>\n\t\t\t\t<section class=\"elementor-section elementor-top-section elementor-element elementor-element-2ba3bc9 elementor-section-full_width elementor-section-height-default elementor-section-height-default\" data-id=\"2ba3bc9\" data-element_type=\"section\" data-e-type=\"section\">\n\t\t\t\t\t\t<div class=\"elementor-container elementor-column-gap-default\">\n\t\t\t\t\t<div class=\"elementor-column elementor-col-100 elementor-top-column elementor-element elementor-element-7946d86\" data-id=\"7946d86\" data-element_type=\"column\" data-e-type=\"column\">\n\t\t\t<div class=\"elementor-widget-wrap elementor-element-populated\">\n\t\t\t\t\t\t<div class=\"elementor-element elementor-element-5bea7a1 elementor-widget elementor-widget-text-editor\" data-id=\"5bea7a1\" data-element_type=\"widget\" data-e-type=\"widget\" data-widget_type=\"text-editor.default\">\n\t\t\t\t\t\t\t\t\t<p>Les tourbi\u00e8res pr\u00e8s d&rsquo;Impfondo, R\u00e9publique du Congo. Cr\u00e9dit : Simon Lewis<\/p>\n\t\t\t\t\t\t\t\t<\/div>\n\t\t\t\t\t<\/div>\n\t\t<\/div>\n\t\t\t\t\t<\/div>\n\t\t<\/section>\n\t\t\t\t<section class=\"elementor-section elementor-top-section elementor-element elementor-element-7b16b5ee elementor-section-boxed elementor-section-height-default elementor-section-height-default\" data-id=\"7b16b5ee\" data-element_type=\"section\" data-e-type=\"section\">\n\t\t\t\t\t\t<div class=\"elementor-container elementor-column-gap-default\">\n\t\t\t\t\t<div class=\"elementor-column elementor-col-100 elementor-top-column elementor-element elementor-element-6e9c9764\" data-id=\"6e9c9764\" data-element_type=\"column\" data-e-type=\"column\">\n\t\t\t<div class=\"elementor-widget-wrap elementor-element-populated\">\n\t\t\t\t\t\t<div class=\"elementor-element elementor-element-49a5fa70 elementor-widget elementor-widget-spacer\" data-id=\"49a5fa70\" data-element_type=\"widget\" data-e-type=\"widget\" data-widget_type=\"spacer.default\">\n\t\t\t\t\t\t\t<div class=\"elementor-spacer\">\n\t\t\t<div class=\"elementor-spacer-inner\"><\/div>\n\t\t<\/div>\n\t\t\t\t\t\t<\/div>\n\t\t\t\t<div class=\"elementor-element elementor-element-58fdb59f elementor-widget elementor-widget-heading\" data-id=\"58fdb59f\" data-element_type=\"widget\" data-e-type=\"widget\" data-widget_type=\"heading.default\">\n\t\t\t\t\t<h2 class=\"elementor-heading-title elementor-size-default\">Pourquoi les tourbi\u00e8res se sont-elles form\u00e9es?<\/h2>\t\t\t\t<\/div>\n\t\t\t\t<div class=\"elementor-element elementor-element-2e0fe377 elementor-widget elementor-widget-text-editor\" data-id=\"2e0fe377\" data-element_type=\"widget\" data-e-type=\"widget\" data-widget_type=\"text-editor.default\">\n\t\t\t\t\t\t\t\t\t<p dir=\"ltr\"><strong>La datation radiocarbone de la tourbe \u2013 jusqu\u2019\u00e0 six m\u00e8tres sous la surface \u2013 a r\u00e9v\u00e9l\u00e9 que les tourbi\u00e8res ont commenc\u00e9 \u00e0 se former il y a pr\u00e8s de 10.000 ans, apr\u00e8s le retrait de la derni\u00e8re glaciation, quand l\u2019Afrique centrale est devenue plus chaude et plus humide. Il est probable que ces conditions ont contribu\u00e9 par la suite \u00e0 l\u2019accumulation de la tourbe. <\/strong><\/p>\n<p>En nous basant sur cette d\u00e9couverte initiale, nous prendrons des carottes de tourbe et en ferons l\u2019analyse en utilisant toute une gamme d&rsquo;indicateurs (<em>proxies<\/em>) \u00e0 long terme de l&rsquo;environnement. La tourbe fournit une archive unique, comme une capsule historique, elle contient des artefacts microscopiques que nous pourrons examiner afin d\u2019\u00e9clairer le pass\u00e9.<\/p>\n<p dir=\"ltr\">Sous la direction du\u00a0<a href=\"https:\/\/www.st-andrews.ac.uk\/gsd\/people\/itl2\/\">Dr Ian Lawson<\/a> et de la <a href=\"https:\/\/risweb.st-andrews.ac.uk\/portal\/en\/persons\/donna-hawthorne(56610943-f5dc-4801-a566-958089a26b30).html\">Dr Donna Hawthorne<\/a>\u00a0de\u00a0l\u2019<a href=\"https:\/\/www.st-andrews.ac.uk\/\">Universit\u00e9 de St Andrews<\/a>, l\u2019analyse reposera sur l&rsquo;examen des anciens grains de pollen pr\u00e9serv\u00e9s dans la tourbe, permettant de reconstruire la couverture v\u00e9g\u00e9tale du pass\u00e9 \u00e0 l&rsquo;\u00e9chelle r\u00e9gionale. L\u2019analyse de miniscules organismes unicellulaires (appel\u00e9s th\u00e9camoebiens), extraits de la carotte de tourbe, peut fournir des indicateurs de l\u2019humidit\u00e9 de la tourbi\u00e8re dans le pass\u00e9. De plus l&rsquo;isolement des fragments de charbon de bois de la colonne de tourbe nous donnera acc\u00e8s \u00e0 des informations sur l\u2019incidence et l\u2019ampleur des feux dans le pass\u00e9.<\/p>\n<p dir=\"ltr\"><a href=\"https:\/\/www2.le.ac.uk\/departments\/geography\/people\/sep5\">Prof Susan Page<\/a>\u00a0et\u00a0<a href=\"https:\/\/www2.le.ac.uk\/departments\/geography\/people\/ab269\">Dr Arnoud Boom<\/a>\u00a0de\u00a0l\u2019<a href=\"https:\/\/le.ac.uk\/\">Universit\u00e9 de Leicester<\/a> poursuivront des analyses suppl\u00e9mentaires des \u00abindicateurs\u00bb, telles que la composition chimique de la cire pr\u00e9sente sur la surface de feuilles partiellement d\u00e9compos\u00e9es et pr\u00e9serv\u00e9es dans la tourbe. Ces indicateurs fournissent un bilan des changements des temp\u00e9ratures et des taux de pr\u00e9cipitation au cours du temps, ce qui nous permettra de reconstruire le climat pass\u00e9 de la r\u00e9gion.<\/p>\n<p dir=\"ltr\">Ces recherches nous permettront de comprendre la formation et l&rsquo;\u00e9volution des tourbi\u00e8res au cours du temps, et de d\u00e9couvrir comment les changements de temp\u00e9rature et des taux de pr\u00e9cipitation dans le pass\u00e9 ont affect\u00e9 l\u2019accumulation ou l\u2019\u00e9mission du carbone dans les tourbi\u00e8res. Nous pourrons \u00e9galement commencer \u00e0 comprendre dans quelle mesure les tourbi\u00e8res resteraient stables face aux conditions climatiques actuelles et futures.<\/p>\n\t\t\t\t\t\t\t\t<\/div>\n\t\t\t\t\t<\/div>\n\t\t<\/div>\n\t\t\t\t\t<\/div>\n\t\t<\/section>\n\t\t\t\t<section class=\"elementor-section elementor-top-section elementor-element elementor-element-57a3178 elementor-section-boxed elementor-section-height-default elementor-section-height-default\" data-id=\"57a3178\" data-element_type=\"section\" data-e-type=\"section\">\n\t\t\t\t\t\t<div class=\"elementor-container elementor-column-gap-default\">\n\t\t\t\t\t<div class=\"elementor-column elementor-col-100 elementor-top-column elementor-element elementor-element-d61e8bc\" data-id=\"d61e8bc\" data-element_type=\"column\" data-e-type=\"column\">\n\t\t\t<div class=\"elementor-widget-wrap elementor-element-populated\">\n\t\t\t\t\t\t<div class=\"elementor-element elementor-element-6f2e7bd elementor-widget elementor-widget-text-editor\" data-id=\"6f2e7bd\" data-element_type=\"widget\" data-e-type=\"widget\" data-widget_type=\"text-editor.default\">\n\t\t\t\t\t\t\t\t\t<p><strong>Voir aussi : <a href=\"https:\/\/congopeat.net\/fr\/le-present\/\">Le pr\u00e9sent<\/a>, <a href=\"https:\/\/congopeat.net\/fr\/lavenir\/\">L&rsquo;avenir<\/a>, <a href=\"https:\/\/congopeat.net\/fr\/impacts-politiques\/\">Les impacts politiques<\/a><\/strong><\/p>\n\t\t\t\t\t\t\t\t<\/div>\n\t\t\t\t\t<\/div>\n\t\t<\/div>\n\t\t\t\t\t<\/div>\n\t\t<\/section>\n\t\t\t\t<section class=\"elementor-section elementor-top-section elementor-element elementor-element-bdea81e elementor-section-boxed elementor-section-height-default elementor-section-height-default\" data-id=\"bdea81e\" data-element_type=\"section\" data-e-type=\"section\" data-settings=\"{&quot;background_background&quot;:&quot;classic&quot;}\">\n\t\t\t\t\t\t<div class=\"elementor-container elementor-column-gap-default\">\n\t\t\t\t\t<div class=\"elementor-column elementor-col-50 elementor-top-column elementor-element elementor-element-d5df55f\" data-id=\"d5df55f\" data-element_type=\"column\" data-e-type=\"column\">\n\t\t\t<div class=\"elementor-widget-wrap elementor-element-populated\">\n\t\t\t\t\t\t<div class=\"elementor-element elementor-element-2ed3cc8 elementor-widget elementor-widget-heading\" data-id=\"2ed3cc8\" data-element_type=\"widget\" data-e-type=\"widget\" data-widget_type=\"heading.default\">\n\t\t\t\t\t<h2 class=\"elementor-heading-title elementor-size-default\">Contactez-nous<\/h2>\t\t\t\t<\/div>\n\t\t\t\t<div class=\"elementor-element elementor-element-dfe1804 elementor-align-start elementor-icon-list--layout-traditional elementor-list-item-link-full_width elementor-widget elementor-widget-icon-list\" data-id=\"dfe1804\" data-element_type=\"widget\" data-e-type=\"widget\" data-widget_type=\"icon-list.default\">\n\t\t\t\t\t\t\t<ul class=\"elementor-icon-list-items\">\n\t\t\t\t\t\t\t<li class=\"elementor-icon-list-item\">\n\t\t\t\t\t\t\t\t\t\t\t<span class=\"elementor-icon-list-icon\">\n\t\t\t\t\t\t\t\t\t\t\t\t\t\t\t\t<i class=\"fa fa-phone\" aria-hidden=\"true\"><\/i>\n\t\t\t\t\t\t\t\t\t\t\t\t\t<\/span>\n\t\t\t\t\t\t\t\t\t\t<span class=\"elementor-icon-list-text\">T\u00e9l. : +44 (0)113 343 3341<\/span>\n\t\t\t\t\t\t\t\t\t<\/li>\n\t\t\t\t\t\t\t\t<li class=\"elementor-icon-list-item\">\n\t\t\t\t\t\t\t\t\t\t\t<a href=\"mailto:admin@congopeat.net\">\n\n\t\t\t\t\t\t\t\t\t\t\t\t<span class=\"elementor-icon-list-icon\">\n\t\t\t\t\t\t\t\t\t\t\t\t\t\t\t\t<i class=\"fa fa-envelope\" aria-hidden=\"true\"><\/i>\n\t\t\t\t\t\t\t\t\t\t\t\t\t<\/span>\n\t\t\t\t\t\t\t\t\t\t<span class=\"elementor-icon-list-text\">E-mail : admin@congopeat.net <\/span>\n\t\t\t\t\t\t\t\t\t\t\t<\/a>\n\t\t\t\t\t\t\t\t\t<\/li>\n\t\t\t\t\t\t\t\t<li class=\"elementor-icon-list-item\">\n\t\t\t\t\t\t\t\t\t\t\t<a href=\"https:\/\/twitter.com\/CongoPeat\">\n\n\t\t\t\t\t\t\t\t\t\t\t\t<span class=\"elementor-icon-list-icon\">\n\t\t\t\t\t\t\t\t\t\t\t\t\t\t\t\t<i class=\"fa fa-twitter\" aria-hidden=\"true\"><\/i>\n\t\t\t\t\t\t\t\t\t\t\t\t\t<\/span>\n\t\t\t\t\t\t\t\t\t\t<span class=\"elementor-icon-list-text\">Twitter : @CongoPeat<\/span>\n\t\t\t\t\t\t\t\t\t\t\t<\/a>\n\t\t\t\t\t\t\t\t\t<\/li>\n\t\t\t\t\t\t<\/ul>\n\t\t\t\t\t\t<\/div>\n\t\t\t\t\t<\/div>\n\t\t<\/div>\n\t\t\t\t<div class=\"elementor-column elementor-col-50 elementor-top-column elementor-element elementor-element-995796d\" data-id=\"995796d\" data-element_type=\"column\" data-e-type=\"column\">\n\t\t\t<div class=\"elementor-widget-wrap elementor-element-populated\">\n\t\t\t\t\t\t<div class=\"elementor-element elementor-element-5302382 elementor-widget elementor-widget-heading\" data-id=\"5302382\" data-element_type=\"widget\" data-e-type=\"widget\" data-widget_type=\"heading.default\">\n\t\t\t\t\t<h2 class=\"elementor-heading-title elementor-size-default\">Financ\u00e9 par<\/h2>\t\t\t\t<\/div>\n\t\t\t\t<div class=\"elementor-element elementor-element-a06292d elementor-widget elementor-widget-image\" data-id=\"a06292d\" data-element_type=\"widget\" data-e-type=\"widget\" data-widget_type=\"image.default\">\n\t\t\t\t\t\t\t\t\t\t\t\t\t\t\t\t<a href=\"https:\/\/nerc.ukri.org\/\">\n\t\t\t\t\t\t\t<img decoding=\"async\" width=\"115\" height=\"80\" src=\"https:\/\/congopeat.net\/wp-content\/uploads\/sites\/49\/2019\/02\/nerc-logo-115.png\" class=\"elementor-animation-grow attachment-large size-large wp-image-1091\" alt=\"\" \/>\t\t\t\t\t\t\t\t<\/a>\n\t\t\t\t\t\t\t\t\t\t\t\t\t\t\t<\/div>\n\t\t\t\t\t<\/div>\n\t\t<\/div>\n\t\t\t\t\t<\/div>\n\t\t<\/section>\n\t\t\t\t<\/div>\n\t\t","protected":false},"excerpt":{"rendered":"<p>Le pass\u00e9 Les tourbi\u00e8res pr\u00e8s d&rsquo;Impfondo, R\u00e9publique du Congo. Cr\u00e9dit : Simon Lewis Pourquoi les tourbi\u00e8res se sont-elles form\u00e9es? La datation radiocarbone de la tourbe \u2013 jusqu\u2019\u00e0 six m\u00e8tres sous la surface \u2013 a r\u00e9v\u00e9l\u00e9 que les tourbi\u00e8res ont commenc\u00e9 \u00e0 se former il y a pr\u00e8s de 10.000 ans, apr\u00e8s le retrait de la &#8230; <\/p>\n<p class=\"read-more-container\"><a title=\"Le pass\u00e9\" class=\"read-more button\" href=\"https:\/\/congopeat.net\/fr\/le-passe\/#more-1727\" aria-label=\"Read more about Le pass\u00e9\">Lire plus<\/a><\/p>\n","protected":false},"author":119,"featured_media":0,"parent":0,"menu_order":18,"comment_status":"closed","ping_status":"closed","template":"","meta":{"_acf_changed":false,"inline_featured_image":false,"ngg_post_thumbnail":0,"footnotes":""},"class_list":["post-1727","page","type-page","status-publish"],"acf":[],"yoast_head":"<!-- This site is optimized with the Yoast SEO plugin v27.3 - https:\/\/yoast.com\/product\/yoast-seo-wordpress\/ -->\n<title>Le pass\u00e9 - CongoPeat<\/title>\n<meta name=\"robots\" content=\"index, follow, max-snippet:-1, max-image-preview:large, max-video-preview:-1\" \/>\n<link rel=\"canonical\" href=\"https:\/\/congopeat.net\/fr\/le-passe\/\" \/>\n<meta property=\"og:locale\" content=\"fr_FR\" \/>\n<meta property=\"og:type\" content=\"article\" \/>\n<meta property=\"og:title\" content=\"Le pass\u00e9 - CongoPeat\" \/>\n<meta property=\"og:description\" content=\"Le pass\u00e9 Les tourbi\u00e8res pr\u00e8s d&rsquo;Impfondo, R\u00e9publique du Congo. Cr\u00e9dit : Simon Lewis Pourquoi les tourbi\u00e8res se sont-elles form\u00e9es? La datation radiocarbone de la tourbe \u2013 jusqu\u2019\u00e0 six m\u00e8tres sous la surface \u2013 a r\u00e9v\u00e9l\u00e9 que les tourbi\u00e8res ont commenc\u00e9 \u00e0 se former il y a pr\u00e8s de 10.000 ans, apr\u00e8s le retrait de la ... Lire plus\" \/>\n<meta property=\"og:url\" content=\"https:\/\/congopeat.net\/fr\/le-passe\/\" \/>\n<meta property=\"og:site_name\" content=\"CongoPeat\" \/>\n<meta property=\"article:modified_time\" content=\"2019-05-30T13:29:37+00:00\" \/>\n<meta property=\"og:image\" content=\"https:\/\/congopeat.net\/wp-content\/uploads\/sites\/49\/2019\/02\/nerc-logo-115.png\" \/>\n<meta name=\"twitter:card\" content=\"summary_large_image\" \/>\n<meta name=\"twitter:label1\" content=\"Dur\u00e9e de lecture estim\u00e9e\" \/>\n\t<meta name=\"twitter:data1\" content=\"2 minutes\" \/>\n<script type=\"application\/ld+json\" class=\"yoast-schema-graph\">{\"@context\":\"https:\\\/\\\/schema.org\",\"@graph\":[{\"@type\":\"WebPage\",\"@id\":\"https:\\\/\\\/congopeat.net\\\/fr\\\/le-passe\\\/\",\"url\":\"https:\\\/\\\/congopeat.net\\\/fr\\\/le-passe\\\/\",\"name\":\"Le pass\u00e9 - CongoPeat\",\"isPartOf\":{\"@id\":\"https:\\\/\\\/congopeat.net\\\/fr\\\/#website\"},\"primaryImageOfPage\":{\"@id\":\"https:\\\/\\\/congopeat.net\\\/fr\\\/le-passe\\\/#primaryimage\"},\"image\":{\"@id\":\"https:\\\/\\\/congopeat.net\\\/fr\\\/le-passe\\\/#primaryimage\"},\"thumbnailUrl\":\"https:\\\/\\\/congopeat.net\\\/wp-content\\\/uploads\\\/sites\\\/49\\\/2019\\\/02\\\/nerc-logo-115.png\",\"datePublished\":\"2019-04-27T09:31:55+00:00\",\"dateModified\":\"2019-05-30T13:29:37+00:00\",\"breadcrumb\":{\"@id\":\"https:\\\/\\\/congopeat.net\\\/fr\\\/le-passe\\\/#breadcrumb\"},\"inLanguage\":\"fr-FR\",\"potentialAction\":[{\"@type\":\"ReadAction\",\"target\":[\"https:\\\/\\\/congopeat.net\\\/fr\\\/le-passe\\\/\"]}]},{\"@type\":\"ImageObject\",\"inLanguage\":\"fr-FR\",\"@id\":\"https:\\\/\\\/congopeat.net\\\/fr\\\/le-passe\\\/#primaryimage\",\"url\":\"https:\\\/\\\/congopeat.net\\\/wp-content\\\/uploads\\\/sites\\\/49\\\/2019\\\/02\\\/nerc-logo-115.png\",\"contentUrl\":\"https:\\\/\\\/congopeat.net\\\/wp-content\\\/uploads\\\/sites\\\/49\\\/2019\\\/02\\\/nerc-logo-115.png\"},{\"@type\":\"BreadcrumbList\",\"@id\":\"https:\\\/\\\/congopeat.net\\\/fr\\\/le-passe\\\/#breadcrumb\",\"itemListElement\":[{\"@type\":\"ListItem\",\"position\":1,\"name\":\"Home\",\"item\":\"https:\\\/\\\/congopeat.net\\\/fr\\\/congopeat-home-page\\\/\"},{\"@type\":\"ListItem\",\"position\":2,\"name\":\"Le pass\u00e9\"}]},{\"@type\":\"WebSite\",\"@id\":\"https:\\\/\\\/congopeat.net\\\/fr\\\/#website\",\"url\":\"https:\\\/\\\/congopeat.net\\\/fr\\\/\",\"name\":\"CongoPeat\",\"description\":\"Past, Present &amp; Future of the Peatlands of the Central Congo Basin\",\"publisher\":{\"@id\":\"https:\\\/\\\/congopeat.net\\\/fr\\\/#organization\"},\"potentialAction\":[{\"@type\":\"SearchAction\",\"target\":{\"@type\":\"EntryPoint\",\"urlTemplate\":\"https:\\\/\\\/congopeat.net\\\/fr\\\/?s={search_term_string}\"},\"query-input\":{\"@type\":\"PropertyValueSpecification\",\"valueRequired\":true,\"valueName\":\"search_term_string\"}}],\"inLanguage\":\"fr-FR\"},{\"@type\":\"Organization\",\"@id\":\"https:\\\/\\\/congopeat.net\\\/fr\\\/#organization\",\"name\":\"CongoPeat\",\"url\":\"https:\\\/\\\/congopeat.net\\\/fr\\\/\",\"logo\":{\"@type\":\"ImageObject\",\"inLanguage\":\"fr-FR\",\"@id\":\"https:\\\/\\\/congopeat.net\\\/fr\\\/#\\\/schema\\\/logo\\\/image\\\/\",\"url\":\"https:\\\/\\\/congopeat.net\\\/wp-content\\\/uploads\\\/sites\\\/49\\\/2020\\\/02\\\/cropped-Congo_Peat_logo-1.jpg\",\"contentUrl\":\"https:\\\/\\\/congopeat.net\\\/wp-content\\\/uploads\\\/sites\\\/49\\\/2020\\\/02\\\/cropped-Congo_Peat_logo-1.jpg\",\"width\":66,\"height\":80,\"caption\":\"CongoPeat\"},\"image\":{\"@id\":\"https:\\\/\\\/congopeat.net\\\/fr\\\/#\\\/schema\\\/logo\\\/image\\\/\"}}]}<\/script>\n<!-- \/ Yoast SEO plugin. -->","yoast_head_json":{"title":"Le pass\u00e9 - CongoPeat","robots":{"index":"index","follow":"follow","max-snippet":"max-snippet:-1","max-image-preview":"max-image-preview:large","max-video-preview":"max-video-preview:-1"},"canonical":"https:\/\/congopeat.net\/fr\/le-passe\/","og_locale":"fr_FR","og_type":"article","og_title":"Le pass\u00e9 - CongoPeat","og_description":"Le pass\u00e9 Les tourbi\u00e8res pr\u00e8s d&rsquo;Impfondo, R\u00e9publique du Congo. Cr\u00e9dit : Simon Lewis Pourquoi les tourbi\u00e8res se sont-elles form\u00e9es? La datation radiocarbone de la tourbe \u2013 jusqu\u2019\u00e0 six m\u00e8tres sous la surface \u2013 a r\u00e9v\u00e9l\u00e9 que les tourbi\u00e8res ont commenc\u00e9 \u00e0 se former il y a pr\u00e8s de 10.000 ans, apr\u00e8s le retrait de la ... Lire plus","og_url":"https:\/\/congopeat.net\/fr\/le-passe\/","og_site_name":"CongoPeat","article_modified_time":"2019-05-30T13:29:37+00:00","og_image":[{"url":"https:\/\/congopeat.net\/wp-content\/uploads\/sites\/49\/2019\/02\/nerc-logo-115.png","type":"","width":"","height":""}],"twitter_card":"summary_large_image","twitter_misc":{"Dur\u00e9e de lecture estim\u00e9e":"2 minutes"},"schema":{"@context":"https:\/\/schema.org","@graph":[{"@type":"WebPage","@id":"https:\/\/congopeat.net\/fr\/le-passe\/","url":"https:\/\/congopeat.net\/fr\/le-passe\/","name":"Le pass\u00e9 - CongoPeat","isPartOf":{"@id":"https:\/\/congopeat.net\/fr\/#website"},"primaryImageOfPage":{"@id":"https:\/\/congopeat.net\/fr\/le-passe\/#primaryimage"},"image":{"@id":"https:\/\/congopeat.net\/fr\/le-passe\/#primaryimage"},"thumbnailUrl":"https:\/\/congopeat.net\/wp-content\/uploads\/sites\/49\/2019\/02\/nerc-logo-115.png","datePublished":"2019-04-27T09:31:55+00:00","dateModified":"2019-05-30T13:29:37+00:00","breadcrumb":{"@id":"https:\/\/congopeat.net\/fr\/le-passe\/#breadcrumb"},"inLanguage":"fr-FR","potentialAction":[{"@type":"ReadAction","target":["https:\/\/congopeat.net\/fr\/le-passe\/"]}]},{"@type":"ImageObject","inLanguage":"fr-FR","@id":"https:\/\/congopeat.net\/fr\/le-passe\/#primaryimage","url":"https:\/\/congopeat.net\/wp-content\/uploads\/sites\/49\/2019\/02\/nerc-logo-115.png","contentUrl":"https:\/\/congopeat.net\/wp-content\/uploads\/sites\/49\/2019\/02\/nerc-logo-115.png"},{"@type":"BreadcrumbList","@id":"https:\/\/congopeat.net\/fr\/le-passe\/#breadcrumb","itemListElement":[{"@type":"ListItem","position":1,"name":"Home","item":"https:\/\/congopeat.net\/fr\/congopeat-home-page\/"},{"@type":"ListItem","position":2,"name":"Le pass\u00e9"}]},{"@type":"WebSite","@id":"https:\/\/congopeat.net\/fr\/#website","url":"https:\/\/congopeat.net\/fr\/","name":"CongoPeat","description":"Past, Present &amp; Future of the Peatlands of the Central Congo Basin","publisher":{"@id":"https:\/\/congopeat.net\/fr\/#organization"},"potentialAction":[{"@type":"SearchAction","target":{"@type":"EntryPoint","urlTemplate":"https:\/\/congopeat.net\/fr\/?s={search_term_string}"},"query-input":{"@type":"PropertyValueSpecification","valueRequired":true,"valueName":"search_term_string"}}],"inLanguage":"fr-FR"},{"@type":"Organization","@id":"https:\/\/congopeat.net\/fr\/#organization","name":"CongoPeat","url":"https:\/\/congopeat.net\/fr\/","logo":{"@type":"ImageObject","inLanguage":"fr-FR","@id":"https:\/\/congopeat.net\/fr\/#\/schema\/logo\/image\/","url":"https:\/\/congopeat.net\/wp-content\/uploads\/sites\/49\/2020\/02\/cropped-Congo_Peat_logo-1.jpg","contentUrl":"https:\/\/congopeat.net\/wp-content\/uploads\/sites\/49\/2020\/02\/cropped-Congo_Peat_logo-1.jpg","width":66,"height":80,"caption":"CongoPeat"},"image":{"@id":"https:\/\/congopeat.net\/fr\/#\/schema\/logo\/image\/"}}]}},"_links":{"self":[{"href":"https:\/\/congopeat.net\/fr\/wp-json\/wp\/v2\/pages\/1727","targetHints":{"allow":["GET"]}}],"collection":[{"href":"https:\/\/congopeat.net\/fr\/wp-json\/wp\/v2\/pages"}],"about":[{"href":"https:\/\/congopeat.net\/fr\/wp-json\/wp\/v2\/types\/page"}],"author":[{"embeddable":true,"href":"https:\/\/congopeat.net\/fr\/wp-json\/wp\/v2\/users\/119"}],"replies":[{"embeddable":true,"href":"https:\/\/congopeat.net\/fr\/wp-json\/wp\/v2\/comments?post=1727"}],"version-history":[{"count":0,"href":"https:\/\/congopeat.net\/fr\/wp-json\/wp\/v2\/pages\/1727\/revisions"}],"wp:attachment":[{"href":"https:\/\/congopeat.net\/fr\/wp-json\/wp\/v2\/media?parent=1727"}],"curies":[{"name":"wp","href":"https:\/\/api.w.org\/{rel}","templated":true}]}}