{"id":1014,"date":"2019-02-14T21:18:05","date_gmt":"2019-02-14T21:18:05","guid":{"rendered":"https:\/\/congopeat.net\/contact-us\/"},"modified":"2020-02-27T11:39:27","modified_gmt":"2020-02-27T11:39:27","slug":"contact-us","status":"publish","type":"page","link":"https:\/\/congopeat.net\/fr\/contact-us\/","title":{"rendered":"Contactez-nous"},"content":{"rendered":"\t\t<div data-elementor-type=\"wp-post\" data-elementor-id=\"1014\" class=\"elementor elementor-1014 elementor-946\">\n\t\t\t\t\t\t<section class=\"elementor-section elementor-top-section elementor-element elementor-element-994f31b elementor-section-full_width elementor-section-content-middle elementor-section-stretched elementor-section-height-default elementor-section-height-default\" data-id=\"994f31b\" data-element_type=\"section\" data-e-type=\"section\" data-settings=\"{&quot;background_background&quot;:&quot;classic&quot;,&quot;stretch_section&quot;:&quot;section-stretched&quot;}\">\n\t\t\t\t\t\t\t<div class=\"elementor-background-overlay\"><\/div>\n\t\t\t\t\t\t\t<div class=\"elementor-container elementor-column-gap-default\">\n\t\t\t\t\t<div class=\"elementor-column elementor-col-100 elementor-top-column elementor-element elementor-element-7d3ade9\" data-id=\"7d3ade9\" data-element_type=\"column\" data-e-type=\"column\">\n\t\t\t<div class=\"elementor-widget-wrap elementor-element-populated\">\n\t\t\t\t\t\t<div class=\"elementor-element elementor-element-714bcf2 elementor-widget elementor-widget-heading\" data-id=\"714bcf2\" data-element_type=\"widget\" data-e-type=\"widget\" data-widget_type=\"heading.default\">\n\t\t\t\t\t<h2 class=\"elementor-heading-title elementor-size-default\">Contactez-nous<\/h2>\t\t\t\t<\/div>\n\t\t\t\t\t<\/div>\n\t\t<\/div>\n\t\t\t\t\t<\/div>\n\t\t<\/section>\n\t\t\t\t<section class=\"elementor-section elementor-top-section elementor-element elementor-element-7e2d581 elementor-section-full_width elementor-section-height-default elementor-section-height-default\" data-id=\"7e2d581\" data-element_type=\"section\" data-e-type=\"section\">\n\t\t\t\t\t\t<div class=\"elementor-container elementor-column-gap-default\">\n\t\t\t\t\t<div class=\"elementor-column elementor-col-100 elementor-top-column elementor-element elementor-element-e3c1883\" data-id=\"e3c1883\" data-element_type=\"column\" data-e-type=\"column\">\n\t\t\t<div class=\"elementor-widget-wrap elementor-element-populated\">\n\t\t\t\t\t\t<div class=\"elementor-element elementor-element-b9ccde4 elementor-widget elementor-widget-text-editor\" data-id=\"b9ccde4\" data-element_type=\"widget\" data-e-type=\"widget\" data-widget_type=\"text-editor.default\">\n\t\t\t\t\t\t\t\t\t<p>Vue a\u00e9rienne des for\u00eats en RDC. Cr\u00e9dit : Kevin McElvaney\/Greenpeace<\/p>\n\t\t\t\t\t\t\t\t<\/div>\n\t\t\t\t\t<\/div>\n\t\t<\/div>\n\t\t\t\t\t<\/div>\n\t\t<\/section>\n\t\t\t\t<section class=\"elementor-section elementor-top-section elementor-element elementor-element-5f5d329 elementor-section-stretched elementor-section-boxed elementor-section-height-default elementor-section-height-default\" data-id=\"5f5d329\" data-element_type=\"section\" data-e-type=\"section\" data-settings=\"{&quot;stretch_section&quot;:&quot;section-stretched&quot;}\">\n\t\t\t\t\t\t<div class=\"elementor-container elementor-column-gap-default\">\n\t\t\t\t\t<div class=\"elementor-column elementor-col-100 elementor-top-column elementor-element elementor-element-0d6b84d\" data-id=\"0d6b84d\" data-element_type=\"column\" data-e-type=\"column\">\n\t\t\t<div class=\"elementor-widget-wrap elementor-element-populated\">\n\t\t\t\t\t\t<section class=\"elementor-section elementor-inner-section elementor-element elementor-element-d293e70 elementor-section-boxed elementor-section-height-default elementor-section-height-default\" data-id=\"d293e70\" data-element_type=\"section\" data-e-type=\"section\">\n\t\t\t\t\t\t<div class=\"elementor-container elementor-column-gap-default\">\n\t\t\t\t\t<div class=\"elementor-column elementor-col-50 elementor-inner-column elementor-element elementor-element-c7e6423\" data-id=\"c7e6423\" data-element_type=\"column\" data-e-type=\"column\">\n\t\t\t<div class=\"elementor-widget-wrap elementor-element-populated\">\n\t\t\t\t\t\t<div class=\"elementor-element elementor-element-9c6b3f1 elementor-invisible elementor-widget elementor-widget-google_maps\" data-id=\"9c6b3f1\" data-element_type=\"widget\" data-e-type=\"widget\" data-settings=\"{&quot;_animation&quot;:&quot;fadeIn&quot;}\" data-widget_type=\"google_maps.default\">\n\t\t\t\t\t\t\t<div class=\"elementor-custom-embed\">\n\t\t\t<iframe loading=\"lazy\"\n\t\t\t\t\tsrc=\"https:\/\/maps.google.com\/maps?q=University%20of%20Leeds&#038;t=m&#038;z=13&#038;output=embed&#038;iwloc=near\"\n\t\t\t\t\ttitle=\"University of Leeds\"\n\t\t\t\t\taria-label=\"University of Leeds\"\n\t\t\t><\/iframe>\n\t\t<\/div>\n\t\t\t\t\t\t<\/div>\n\t\t\t\t\t<\/div>\n\t\t<\/div>\n\t\t\t\t<div class=\"elementor-column elementor-col-50 elementor-inner-column elementor-element elementor-element-fec3194\" data-id=\"fec3194\" data-element_type=\"column\" data-e-type=\"column\" data-settings=\"{&quot;background_background&quot;:&quot;classic&quot;}\">\n\t\t\t<div class=\"elementor-widget-wrap elementor-element-populated\">\n\t\t\t\t\t\t<div class=\"elementor-element elementor-element-9c7461f elementor-widget elementor-widget-text-editor\" data-id=\"9c7461f\" data-element_type=\"widget\" data-e-type=\"widget\" data-widget_type=\"text-editor.default\">\n\t\t\t\t\t\t\t\t\t<h2>Rejoignez notre liste de diffusion<\/h2>\n<p>Vous souhaitez recevoir notre bulletin d&rsquo;information avec des mises \u00e0 jour sur le projet et les campagnes de terrain ? Envoyez-nous un email \u00e0 l&rsquo;adresse : <a href=\"mailto:admin@congopeat.net\">admin@congopeat.net<\/a><\/p>\n\t\t\t\t\t\t\t\t<\/div>\n\t\t\t\t<div class=\"elementor-element elementor-element-1be7fc2 elementor-widget elementor-widget-text-editor\" data-id=\"1be7fc2\" data-element_type=\"widget\" data-e-type=\"widget\" data-widget_type=\"text-editor.default\">\n\t\t\t\t\t\t\t\t\t<h2>Bureau du projet<\/h2>\n<h6 style=\"font-family: Roboto, sans-serif; font-size: 17px; font-style: normal;\">Veuillez naviguer \u00e0 la page de l&rsquo;<a href=\"https:\/\/congopeat.net\/fr\/equipe\/\">\u00e9quipe<\/a> si vous souhaitez contacter quelqu&rsquo;un en particulier.<\/h6>\n<h6 style=\"font-family: Roboto, sans-serif; font-size: 17px; font-style: normal;\">\u00c9cole de G\u00e9ographie, 10.22 Garstang Building Universit\u00e9 de Leeds, Leeds, LS2 9JT, Royaume-Uni.<\/h6>\n\t\t\t\t\t\t\t\t<\/div>\n\t\t\t\t<div class=\"elementor-element elementor-element-5d8af30 elementor-align-start elementor-icon-list--layout-traditional elementor-list-item-link-full_width elementor-widget elementor-widget-icon-list\" data-id=\"5d8af30\" data-element_type=\"widget\" data-e-type=\"widget\" data-widget_type=\"icon-list.default\">\n\t\t\t\t\t\t\t<ul class=\"elementor-icon-list-items\">\n\t\t\t\t\t\t\t<li class=\"elementor-icon-list-item\">\n\t\t\t\t\t\t\t\t\t\t\t<span class=\"elementor-icon-list-icon\">\n\t\t\t\t\t\t\t\t\t\t\t\t\t\t\t\t<i class=\"fa fa-phone\" aria-hidden=\"true\"><\/i>\n\t\t\t\t\t\t\t\t\t\t\t\t\t<\/span>\n\t\t\t\t\t\t\t\t\t\t<span class=\"elementor-icon-list-text\">T\u00e9l. : +44 (0)113 343 3341<\/span>\n\t\t\t\t\t\t\t\t\t<\/li>\n\t\t\t\t\t\t\t\t<li class=\"elementor-icon-list-item\">\n\t\t\t\t\t\t\t\t\t\t\t<a href=\"mailto:admin@congopeat.net%20\">\n\n\t\t\t\t\t\t\t\t\t\t\t\t<span class=\"elementor-icon-list-icon\">\n\t\t\t\t\t\t\t\t\t\t\t\t\t\t\t\t<i class=\"fa fa-envelope\" aria-hidden=\"true\"><\/i>\n\t\t\t\t\t\t\t\t\t\t\t\t\t<\/span>\n\t\t\t\t\t\t\t\t\t\t<span class=\"elementor-icon-list-text\">E-mail : admin@congopeat.net <\/span>\n\t\t\t\t\t\t\t\t\t\t\t<\/a>\n\t\t\t\t\t\t\t\t\t<\/li>\n\t\t\t\t\t\t\t\t<li class=\"elementor-icon-list-item\">\n\t\t\t\t\t\t\t\t\t\t\t<a href=\"https:\/\/twitter.com\/CongoPeat\">\n\n\t\t\t\t\t\t\t\t\t\t\t\t<span class=\"elementor-icon-list-icon\">\n\t\t\t\t\t\t\t\t\t\t\t\t\t\t\t\t<i class=\"fa fa-twitter\" aria-hidden=\"true\"><\/i>\n\t\t\t\t\t\t\t\t\t\t\t\t\t<\/span>\n\t\t\t\t\t\t\t\t\t\t<span class=\"elementor-icon-list-text\">Twitter : @CongoPeat<\/span>\n\t\t\t\t\t\t\t\t\t\t\t<\/a>\n\t\t\t\t\t\t\t\t\t<\/li>\n\t\t\t\t\t\t<\/ul>\n\t\t\t\t\t\t<\/div>\n\t\t\t\t<div class=\"elementor-element elementor-element-4108d0f elementor-widget elementor-widget-text-editor\" data-id=\"4108d0f\" data-element_type=\"widget\" data-e-type=\"widget\" data-widget_type=\"text-editor.default\">\n\t\t\t\t\t\t\t\t\t<p>Financ\u00e9 par :<\/p>\n\t\t\t\t\t\t\t\t<\/div>\n\t\t\t\t<div class=\"elementor-element elementor-element-e4ac3be elementor-widget elementor-widget-image\" data-id=\"e4ac3be\" data-element_type=\"widget\" data-e-type=\"widget\" data-widget_type=\"image.default\">\n\t\t\t\t\t\t\t\t\t\t\t\t\t\t\t\t<a href=\"https:\/\/nerc.ukri.org\/\">\n\t\t\t\t\t\t\t<img decoding=\"async\" width=\"315\" height=\"80\" src=\"https:\/\/congopeat.net\/wp-content\/uploads\/sites\/49\/2020\/02\/UKRI_NER_Council-Logo_Horiz-RGB-1.png\" class=\"elementor-animation-grow attachment-large size-large wp-image-2217\" alt=\"\" srcset=\"https:\/\/congopeat.net\/wp-content\/uploads\/sites\/49\/2020\/02\/UKRI_NER_Council-Logo_Horiz-RGB-1.png 315w, https:\/\/congopeat.net\/wp-content\/uploads\/sites\/49\/2020\/02\/UKRI_NER_Council-Logo_Horiz-RGB-1-300x76.png 300w\" sizes=\"(max-width: 315px) 100vw, 315px\" \/>\t\t\t\t\t\t\t\t<\/a>\n\t\t\t\t\t\t\t\t\t\t\t\t\t\t\t<\/div>\n\t\t\t\t\t<\/div>\n\t\t<\/div>\n\t\t\t\t\t<\/div>\n\t\t<\/section>\n\t\t\t\t\t<\/div>\n\t\t<\/div>\n\t\t\t\t\t<\/div>\n\t\t<\/section>\n\t\t\t\t<\/div>\n\t\t","protected":false},"excerpt":{"rendered":"<p>Contactez-nous Vue a\u00e9rienne des for\u00eats en RDC. Cr\u00e9dit : Kevin McElvaney\/Greenpeace Rejoignez notre liste de diffusion Vous souhaitez recevoir notre bulletin d&rsquo;information avec des mises \u00e0 jour sur le projet et les campagnes de terrain ? Envoyez-nous un email \u00e0 l&rsquo;adresse : admin@congopeat.net Bureau du projet Veuillez naviguer \u00e0 la page de l&rsquo;\u00e9quipe si vous &#8230; <\/p>\n<p class=\"read-more-container\"><a title=\"Contactez-nous\" class=\"read-more button\" href=\"https:\/\/congopeat.net\/fr\/contact-us\/#more-1014\" aria-label=\"Read more about Contactez-nous\">Lire plus<\/a><\/p>\n","protected":false},"author":119,"featured_media":0,"parent":0,"menu_order":23,"comment_status":"closed","ping_status":"closed","template":"","meta":{"_acf_changed":false,"inline_featured_image":false,"ngg_post_thumbnail":0,"footnotes":""},"class_list":["post-1014","page","type-page","status-publish"],"acf":[],"yoast_head":"<!-- This site is optimized with the Yoast SEO plugin v27.3 - https:\/\/yoast.com\/product\/yoast-seo-wordpress\/ -->\n<title>Contactez-nous - CongoPeat<\/title>\n<meta name=\"description\" content=\"Contact principal pour CongoPeat\" \/>\n<meta name=\"robots\" content=\"index, follow, max-snippet:-1, max-image-preview:large, max-video-preview:-1\" \/>\n<link rel=\"canonical\" href=\"https:\/\/congopeat.net\/fr\/contact-us\/\" \/>\n<meta property=\"og:locale\" content=\"fr_FR\" \/>\n<meta property=\"og:type\" content=\"article\" \/>\n<meta property=\"og:title\" content=\"Contactez-nous - CongoPeat\" \/>\n<meta property=\"og:description\" content=\"Contact principal pour CongoPeat\" \/>\n<meta property=\"og:url\" content=\"https:\/\/congopeat.net\/fr\/contact-us\/\" \/>\n<meta property=\"og:site_name\" content=\"CongoPeat\" \/>\n<meta property=\"article:modified_time\" content=\"2020-02-27T11:39:27+00:00\" \/>\n<meta property=\"og:image\" content=\"https:\/\/congopeat.net\/wp-content\/uploads\/sites\/49\/2020\/02\/UKRI_NER_Council-Logo_Horiz-RGB-1.png\" \/>\n<meta name=\"twitter:card\" content=\"summary_large_image\" \/>\n<script type=\"application\/ld+json\" class=\"yoast-schema-graph\">{\"@context\":\"https:\\\/\\\/schema.org\",\"@graph\":[{\"@type\":\"WebPage\",\"@id\":\"https:\\\/\\\/congopeat.net\\\/fr\\\/contact-us\\\/\",\"url\":\"https:\\\/\\\/congopeat.net\\\/fr\\\/contact-us\\\/\",\"name\":\"Contactez-nous - CongoPeat\",\"isPartOf\":{\"@id\":\"https:\\\/\\\/congopeat.net\\\/fr\\\/#website\"},\"primaryImageOfPage\":{\"@id\":\"https:\\\/\\\/congopeat.net\\\/fr\\\/contact-us\\\/#primaryimage\"},\"image\":{\"@id\":\"https:\\\/\\\/congopeat.net\\\/fr\\\/contact-us\\\/#primaryimage\"},\"thumbnailUrl\":\"https:\\\/\\\/congopeat.net\\\/wp-content\\\/uploads\\\/sites\\\/49\\\/2020\\\/02\\\/UKRI_NER_Council-Logo_Horiz-RGB-1.png\",\"datePublished\":\"2019-02-14T21:18:05+00:00\",\"dateModified\":\"2020-02-27T11:39:27+00:00\",\"description\":\"Contact principal pour CongoPeat\",\"breadcrumb\":{\"@id\":\"https:\\\/\\\/congopeat.net\\\/fr\\\/contact-us\\\/#breadcrumb\"},\"inLanguage\":\"fr-FR\",\"potentialAction\":[{\"@type\":\"ReadAction\",\"target\":[\"https:\\\/\\\/congopeat.net\\\/fr\\\/contact-us\\\/\"]}]},{\"@type\":\"ImageObject\",\"inLanguage\":\"fr-FR\",\"@id\":\"https:\\\/\\\/congopeat.net\\\/fr\\\/contact-us\\\/#primaryimage\",\"url\":\"https:\\\/\\\/congopeat.net\\\/wp-content\\\/uploads\\\/sites\\\/49\\\/2020\\\/02\\\/UKRI_NER_Council-Logo_Horiz-RGB-1.png\",\"contentUrl\":\"https:\\\/\\\/congopeat.net\\\/wp-content\\\/uploads\\\/sites\\\/49\\\/2020\\\/02\\\/UKRI_NER_Council-Logo_Horiz-RGB-1.png\"},{\"@type\":\"BreadcrumbList\",\"@id\":\"https:\\\/\\\/congopeat.net\\\/fr\\\/contact-us\\\/#breadcrumb\",\"itemListElement\":[{\"@type\":\"ListItem\",\"position\":1,\"name\":\"Home\",\"item\":\"https:\\\/\\\/congopeat.net\\\/fr\\\/congopeat-home-page\\\/\"},{\"@type\":\"ListItem\",\"position\":2,\"name\":\"Contactez-nous\"}]},{\"@type\":\"WebSite\",\"@id\":\"https:\\\/\\\/congopeat.net\\\/fr\\\/#website\",\"url\":\"https:\\\/\\\/congopeat.net\\\/fr\\\/\",\"name\":\"CongoPeat\",\"description\":\"Past, Present &amp; Future of the Peatlands of the Central Congo Basin\",\"publisher\":{\"@id\":\"https:\\\/\\\/congopeat.net\\\/fr\\\/#organization\"},\"potentialAction\":[{\"@type\":\"SearchAction\",\"target\":{\"@type\":\"EntryPoint\",\"urlTemplate\":\"https:\\\/\\\/congopeat.net\\\/fr\\\/?s={search_term_string}\"},\"query-input\":{\"@type\":\"PropertyValueSpecification\",\"valueRequired\":true,\"valueName\":\"search_term_string\"}}],\"inLanguage\":\"fr-FR\"},{\"@type\":\"Organization\",\"@id\":\"https:\\\/\\\/congopeat.net\\\/fr\\\/#organization\",\"name\":\"CongoPeat\",\"url\":\"https:\\\/\\\/congopeat.net\\\/fr\\\/\",\"logo\":{\"@type\":\"ImageObject\",\"inLanguage\":\"fr-FR\",\"@id\":\"https:\\\/\\\/congopeat.net\\\/fr\\\/#\\\/schema\\\/logo\\\/image\\\/\",\"url\":\"https:\\\/\\\/congopeat.net\\\/wp-content\\\/uploads\\\/sites\\\/49\\\/2020\\\/02\\\/cropped-Congo_Peat_logo-1.jpg\",\"contentUrl\":\"https:\\\/\\\/congopeat.net\\\/wp-content\\\/uploads\\\/sites\\\/49\\\/2020\\\/02\\\/cropped-Congo_Peat_logo-1.jpg\",\"width\":66,\"height\":80,\"caption\":\"CongoPeat\"},\"image\":{\"@id\":\"https:\\\/\\\/congopeat.net\\\/fr\\\/#\\\/schema\\\/logo\\\/image\\\/\"}}]}<\/script>\n<!-- \/ Yoast SEO plugin. -->","yoast_head_json":{"title":"Contactez-nous - CongoPeat","description":"Contact principal pour CongoPeat","robots":{"index":"index","follow":"follow","max-snippet":"max-snippet:-1","max-image-preview":"max-image-preview:large","max-video-preview":"max-video-preview:-1"},"canonical":"https:\/\/congopeat.net\/fr\/contact-us\/","og_locale":"fr_FR","og_type":"article","og_title":"Contactez-nous - CongoPeat","og_description":"Contact principal pour CongoPeat","og_url":"https:\/\/congopeat.net\/fr\/contact-us\/","og_site_name":"CongoPeat","article_modified_time":"2020-02-27T11:39:27+00:00","og_image":[{"url":"https:\/\/congopeat.net\/wp-content\/uploads\/sites\/49\/2020\/02\/UKRI_NER_Council-Logo_Horiz-RGB-1.png","type":"","width":"","height":""}],"twitter_card":"summary_large_image","schema":{"@context":"https:\/\/schema.org","@graph":[{"@type":"WebPage","@id":"https:\/\/congopeat.net\/fr\/contact-us\/","url":"https:\/\/congopeat.net\/fr\/contact-us\/","name":"Contactez-nous - CongoPeat","isPartOf":{"@id":"https:\/\/congopeat.net\/fr\/#website"},"primaryImageOfPage":{"@id":"https:\/\/congopeat.net\/fr\/contact-us\/#primaryimage"},"image":{"@id":"https:\/\/congopeat.net\/fr\/contact-us\/#primaryimage"},"thumbnailUrl":"https:\/\/congopeat.net\/wp-content\/uploads\/sites\/49\/2020\/02\/UKRI_NER_Council-Logo_Horiz-RGB-1.png","datePublished":"2019-02-14T21:18:05+00:00","dateModified":"2020-02-27T11:39:27+00:00","description":"Contact principal pour CongoPeat","breadcrumb":{"@id":"https:\/\/congopeat.net\/fr\/contact-us\/#breadcrumb"},"inLanguage":"fr-FR","potentialAction":[{"@type":"ReadAction","target":["https:\/\/congopeat.net\/fr\/contact-us\/"]}]},{"@type":"ImageObject","inLanguage":"fr-FR","@id":"https:\/\/congopeat.net\/fr\/contact-us\/#primaryimage","url":"https:\/\/congopeat.net\/wp-content\/uploads\/sites\/49\/2020\/02\/UKRI_NER_Council-Logo_Horiz-RGB-1.png","contentUrl":"https:\/\/congopeat.net\/wp-content\/uploads\/sites\/49\/2020\/02\/UKRI_NER_Council-Logo_Horiz-RGB-1.png"},{"@type":"BreadcrumbList","@id":"https:\/\/congopeat.net\/fr\/contact-us\/#breadcrumb","itemListElement":[{"@type":"ListItem","position":1,"name":"Home","item":"https:\/\/congopeat.net\/fr\/congopeat-home-page\/"},{"@type":"ListItem","position":2,"name":"Contactez-nous"}]},{"@type":"WebSite","@id":"https:\/\/congopeat.net\/fr\/#website","url":"https:\/\/congopeat.net\/fr\/","name":"CongoPeat","description":"Past, Present &amp; Future of the Peatlands of the Central Congo Basin","publisher":{"@id":"https:\/\/congopeat.net\/fr\/#organization"},"potentialAction":[{"@type":"SearchAction","target":{"@type":"EntryPoint","urlTemplate":"https:\/\/congopeat.net\/fr\/?s={search_term_string}"},"query-input":{"@type":"PropertyValueSpecification","valueRequired":true,"valueName":"search_term_string"}}],"inLanguage":"fr-FR"},{"@type":"Organization","@id":"https:\/\/congopeat.net\/fr\/#organization","name":"CongoPeat","url":"https:\/\/congopeat.net\/fr\/","logo":{"@type":"ImageObject","inLanguage":"fr-FR","@id":"https:\/\/congopeat.net\/fr\/#\/schema\/logo\/image\/","url":"https:\/\/congopeat.net\/wp-content\/uploads\/sites\/49\/2020\/02\/cropped-Congo_Peat_logo-1.jpg","contentUrl":"https:\/\/congopeat.net\/wp-content\/uploads\/sites\/49\/2020\/02\/cropped-Congo_Peat_logo-1.jpg","width":66,"height":80,"caption":"CongoPeat"},"image":{"@id":"https:\/\/congopeat.net\/fr\/#\/schema\/logo\/image\/"}}]}},"_links":{"self":[{"href":"https:\/\/congopeat.net\/fr\/wp-json\/wp\/v2\/pages\/1014","targetHints":{"allow":["GET"]}}],"collection":[{"href":"https:\/\/congopeat.net\/fr\/wp-json\/wp\/v2\/pages"}],"about":[{"href":"https:\/\/congopeat.net\/fr\/wp-json\/wp\/v2\/types\/page"}],"author":[{"embeddable":true,"href":"https:\/\/congopeat.net\/fr\/wp-json\/wp\/v2\/users\/119"}],"replies":[{"embeddable":true,"href":"https:\/\/congopeat.net\/fr\/wp-json\/wp\/v2\/comments?post=1014"}],"version-history":[{"count":0,"href":"https:\/\/congopeat.net\/fr\/wp-json\/wp\/v2\/pages\/1014\/revisions"}],"wp:attachment":[{"href":"https:\/\/congopeat.net\/fr\/wp-json\/wp\/v2\/media?parent=1014"}],"curies":[{"name":"wp","href":"https:\/\/api.w.org\/{rel}","templated":true}]}}